{"id":554,"date":"2022-08-18T18:15:34","date_gmt":"2022-08-18T18:15:34","guid":{"rendered":"https:\/\/alcaldiaalbertoadriani.com\/?page_id=554"},"modified":"2022-08-18T18:32:17","modified_gmt":"2022-08-18T18:32:17","slug":"encuesta-de-diagnostico-participativo%ef%bf%bc","status":"publish","type":"page","link":"https:\/\/alcaldiaalbertoadriani.com\/?page_id=554","title":{"rendered":"ENCUESTA DE DIAGN\u00d3STICO PARTICIPATIVO\ufffc"},"content":{"rendered":"<p>[et_pb_section fb_built=&#8221;1&#8243; make_equal=&#8221;on&#8221; use_custom_gutter=&#8221;on&#8221; gutter_width=&#8221;1&#8243; specialty=&#8221;on&#8221; next_background_color=&#8221;#002768&#8243; background_size_1=&#8221;cover&#8221; admin_label=&#8221;Hero&#8221; _builder_version=&#8221;4.17.6&#8243; background_color=&#8221;#002768&#8243; background_image=&#8221;https:\/\/alcaldiaalbertoadriani.com\/wp-content\/uploads\/2022\/08\/encuesta-e1617401333956.jpg&#8221; background_size=&#8221;stretch&#8221; inner_width=&#8221;100%&#8221; inner_max_width=&#8221;100%&#8221; custom_margin=&#8221;||17px|||&#8221; custom_padding=&#8221;0px||114px||false|&#8221; bottom_divider_style=&#8221;slant&#8221; bottom_divider_flip=&#8221;horizontal&#8221; bottom_divider_arrangement=&#8221;above_content&#8221; use_custom_width=&#8221;on&#8221; width_unit=&#8221;off&#8221; custom_width_percent=&#8221;100%&#8221; global_colors_info=&#8221;{}&#8221; theme_builder_area=&#8221;post_content&#8221;][et_pb_column type=&#8221;1_2&#8243; _builder_version=&#8221;4.16&#8243; custom_padding=&#8221;|||&#8221; global_colors_info=&#8221;{}&#8221; custom_padding__hover=&#8221;|||&#8221; theme_builder_area=&#8221;post_content&#8221;][et_pb_divider show_divider=&#8221;off&#8221; _builder_version=&#8221;4.17.6&#8243; background_color=&#8221;RGBA(255,255,255,0)&#8221; height=&#8221;300px&#8221; global_colors_info=&#8221;{}&#8221; theme_builder_area=&#8221;post_content&#8221;][\/et_pb_divider][\/et_pb_column][et_pb_column type=&#8221;1_2&#8243; specialty_columns=&#8221;2&#8243; _builder_version=&#8221;4.16&#8243; custom_padding=&#8221;|||&#8221; global_colors_info=&#8221;{}&#8221; custom_padding__hover=&#8221;|||&#8221; theme_builder_area=&#8221;post_content&#8221;][\/et_pb_column][\/et_pb_section][et_pb_section fb_built=&#8221;1&#8243; fullwidth=&#8221;on&#8221; _builder_version=&#8221;4.17.6&#8243; _module_preset=&#8221;default&#8221; background_color=&#8221;#002768&#8243; global_colors_info=&#8221;{}&#8221; theme_builder_area=&#8221;post_content&#8221;][et_pb_fullwidth_header title=&#8221;ENCUESTA DE DIAGN\u00d3STICO PARTICIPATIVO&#8221; _builder_version=&#8221;4.17.6&#8243; _module_preset=&#8221;default&#8221; title_font=&#8221;||||||||&#8221; title_font_size=&#8221;38px&#8221; content_font_size=&#8221;20px&#8221; background_color=&#8221;#002768&#8243; custom_margin=&#8221;-20px|||||&#8221; hover_enabled=&#8221;0&#8243; title_text_shadow_style=&#8221;preset1&#8243; title_text_shadow_blur_strength=&#8221;0.19em&#8221; global_colors_info=&#8221;{}&#8221; theme_builder_area=&#8221;post_content&#8221; sticky_enabled=&#8221;0&#8243;]<\/p>\n<p>&nbsp;<\/p>\n<p>&nbsp;<\/p>\n<p>[\/et_pb_fullwidth_header][\/et_pb_section][et_pb_section fb_built=&#8221;1&#8243; _builder_version=&#8221;4.17.6&#8243; _module_preset=&#8221;default&#8221; background_image=&#8221;https:\/\/alcaldiaalbertoadriani.com\/wp-content\/uploads\/2022\/07\/flayer-2-alcaldia-aa-ini.jpg&#8221; global_colors_info=&#8221;{}&#8221; theme_builder_area=&#8221;post_content&#8221;][et_pb_row _builder_version=&#8221;4.17.6&#8243; _module_preset=&#8221;default&#8221; global_colors_info=&#8221;{}&#8221; theme_builder_area=&#8221;post_content&#8221;][et_pb_column type=&#8221;4_4&#8243; _builder_version=&#8221;4.17.6&#8243; _module_preset=&#8221;default&#8221; global_colors_info=&#8221;{}&#8221; theme_builder_area=&#8221;post_content&#8221;][et_pb_text _builder_version=&#8221;4.17.6&#8243; _module_preset=&#8221;default&#8221; theme_builder_area=&#8221;post_content&#8221; text_text_color=&#8221;#0A0100&#8243; text_font=&#8221;|700|||||||&#8221; hover_enabled=&#8221;0&#8243; sticky_enabled=&#8221;0&#8243;]<\/p>\n<p>A continuaci\u00f3n se le presentan diez preguntas las cuales pretenden recoger informaci\u00f3n valiosa sobre c\u00f3mo deber\u00e1n ser orientados los recursos dentro del presupuesto a ejecutar para el ejercicio fiscal 2023 en el Municipio. Usted deber\u00e1 seleccionar la (s) opci\u00f3n (es) que mejor se adec\u00fae (n) a su percepci\u00f3n del municipio y de la gesti\u00f3n actual. As\u00ed como seleccionar las opciones de inversi\u00f3n que seg\u00fan su criterio deber\u00edan ser prioridad en el gasto. La informaci\u00f3n que aporte ser\u00e1 de gran utilidad para la recuperaci\u00f3n del municipio que nos merecemos y los datos que nos suministre ser\u00e1n tratados de manera confidencial.<\/p>\n<p>[\/et_pb_text][et_pb_code _builder_version=&#8221;4.17.6&#8243; _module_preset=&#8221;default&#8221; hover_enabled=&#8221;0&#8243; global_colors_info=&#8221;{}&#8221; theme_builder_area=&#8221;post_content&#8221; sticky_enabled=&#8221;0&#8243;]<style>\n    .ff_conv_app_6 { background-color: #FFFFFF; }.ff_conv_app_6 .ffc-counter-div span { color: #0445AF; }.ff_conv_app_6 .ffc-counter-div .counter-icon-span svg { fill: #0445AF !important; }.ff_conv_app_6 .f-label-wrap, .ff_conv_app_6 .f-answer { color: #0445AF !important; }.ff_conv_app_6 .f-label-wrap .f-key { border-color: #0445AF !important; }.ff_conv_app_6 .f-label-wrap .f-key-hint { border-color: #0445AF !important; }.ff_conv_app_6 .f-answer .f-radios-wrap ul li { background-color: rgba(4,69,175, 0.1) !important; border: 1px solid #0445AF; }.ff_conv_app_6 .f-answer .f-radios-wrap ul li:focus { background-color: rgba(4,69,175, 0.3) !important }.ff_conv_app_6 .f-answer .f-radios-wrap ul li:hover { background-color: rgba(4,69,175, 0.3) !important }.ff_conv_app_6 .f-answer .f-radios-wrap ul li.f-selected .f-key { background-color: #0445AF !important; color: white; }.ff_conv_app_6 .f-answer .f-radios-wrap ul li.f-selected .f-key-hint { background-color: #0445AF; }.ff_conv_app_6 .f-answer .f-radios-wrap ul li.f-selected svg { fill: #0445AF !important; }.ff_conv_app_6 .f-answer input, .ff_conv_app_6 .f-answer textarea{ color: #0445AF !important; box-shadow: #0445AF  0px 1px; }.ff_conv_app_6 .f-answer input:focus, .ff_conv_app_6 .f-answer textarea:focus { box-shadow: #0445AF  0px 2px !important; }.ff_conv_app_6 .f-answer textarea::placeholder, .ff_conv_app_6 .f-answer input::placeholder { color: #0445AF !important; }.ff_conv_app_6 .text-success { color: #0445AF !important; }.ff_conv_app_6 .f-answer .f-matrix-table tbody td { background-color: rgba(4,69,175, 0.1); }.ff_conv_app_6 .f-answer .f-matrix-table input { border-color: rgba(4,69,175, 0.8); }.ff_conv_app_6 .f-answer .f-matrix-table input.f-radio-control:checked::after { background-color: #0445AF; }.ff_conv_app_6 .f-answer .f-matrix-table input:focus::before { border-color: #0445AF; }.ff_conv_app_6 .f-answer .f-matrix-table input.f-checkbox-control:checked { background-color: #0445AF; }.ff_conv_app_6 .f-answer .f-matrix-table tbody tr::after { border-right-color: #0445AF; }.ff_conv_app_6 .f-answer .f-matrix-table .f-table-cell.f-row-cell { box-shadow: rgba(4,69,175, 0.1) 0px 0px 0px 100vh inset; }.ff_conv_app_6 .f-answer .ff_file_upload_field_wrap { background-color: rgba(4,69,175, 0.1); border-color: rgba(4,69,175, 0.8); }.ff_conv_app_6 .f-answer .ff_file_upload_field_wrap:hover { background-color: rgba(4,69,175, 0.3);}.ff_conv_app_6 .f-answer .ff_file_upload_field_wrap:focus-within { background-color: rgba(4,69,175, 0.3); }.ff_conv_app_6 .f-answer .ff-upload-preview { border-color: rgba(4,69,175, 0.8); }.ff_conv_app_6 .f-answer .ff-upload-preview .ff-upload-thumb { background-color: rgba(4,69,175, 0.3); }.ff_conv_app_6 .f-answer .ff-upload-preview .ff-upload-details { border-left-color: rgba(4,69,175, 0.8); }.ff_conv_app_6 .f-answer .ff-upload-preview .ff-upload-details .ff-el-progress { border-left-color: rgba(4,69,175, 0.8); }.ff_conv_app_6 .f-answer .ff-upload-preview .ff-upload-details .ff-el-progress { background-color: rgba(4,69,175, 0.1); }.ff_conv_app_6 .f-answer .ff-upload-preview .ff-upload-details .ff-el-progress .ff-el-progress-bar { background-color: #0445AF; }.ff_conv_app_6 .f-answer .f-star-wrap .f-star-field-wrap::before { background-color: #0445AF; }.ff_conv_app_6 .f-answer .f-star-wrap .f-star-field-wrap .f-star-field .f-star-field-star .symbolOutline { fill: #0445AF; }.ff_conv_app_6 .f-answer .f-star-wrap .f-star-field-wrap .f-star-field .f-star-field-rating { color: #0445AF; }.ff_conv_app_6 .f-answer .f-star-wrap .f-star-field-wrap.is-hovered .symbolFill { fill: rgba(4,69,175, 0.1); }.ff_conv_app_6 .f-answer .f-star-wrap .f-star-field-wrap.is-selected .symbolFill { fill: #0445AF; }.ff_conv_app_6 .f-answer .f-payment-summary-wrap tbody td { background-color: rgba(4,69,175, 0.1); }.ff_conv_app_6 .f-answer .f-payment-summary-wrap tfoot th { background-color: rgba(4,69,175, 0.1); }.ff_conv_app_6 .f-answer .stripe-inline-holder { border-bottom: 1px solid #0445AF; }.ff_conv_app_6 .f-answer .StripeElement--focus { border-bottom: 2.5px solid #0445AF; }.ff_conv_app_6 .ff_conv_input .f-info { color: #0445AF; }.ff_conv_app_6 .fh2 .f-text { color: #191919; }.ff_conv_app_6 .fh2 .f-tagline, .ff_conv_app_6 .f-sub .f-help { color: rgba(25,25,25, 0.70); }.ff_conv_app_6 .fh2 .stripe-inline-header { color: #191919; }.ff_conv_app_6 .q-inner .o-btn-action, .ff_conv_app_6 .footer-inner-wrap .f-nav { background-color: #0445AF; }.ff_conv_app_6 .q-inner .o-btn-action span, .ff_conv_app_6 .footer-inner-wrap .f-nav a { color: #FFFFFF; } .ff_conv_app_6 .f-enter .f-enter-desc { color: #0445AF; }.ff_conv_app_6 .footer-inner-wrap .f-nav a svg { fill: #FFFFFF; }.ff_conv_app_6 .vff-footer .f-progress-bar { background-color: rgba(4,69,175, 0.3); }.ff_conv_app_6 .vff-footer .f-progress-bar-inner { background-color: #0445AF; }.ff_conv_app_6 .q-inner .o-btn-action:hover { background-color: #0445AFD6; }.ff_conv_app_6 .q-inner .o-btn-action:focus::after { border-radius: 6px; inset: -3px; box-shadow: #0445AF 0px 0px 0px 2px; }.ff_conv_app_6 .f-answer .f-radios-wrap ul li.f-selected .f-key { color: #FFFFFF; } .ff-btn-submit { background-color: #409EFF; color: #ffffff; }<\/style>\n<div class=\"ffc_conv_wrapper ffc_inline_form\">\n    <div class=\"ff_conv_app fluent_form_6 ff_conv_app_frame ff_conv_app_6 ffc_media_hide_mob_no\">\n        <div data-var_name=\"fluent_forms_global_var_1\" class=\"ffc_conv_form\" style=\"width: 100%\" id=\"ffc_app_instance_1\"><\/div>\n    <\/div>\n<\/div>[\/et_pb_code][\/et_pb_column][\/et_pb_row][\/et_pb_section]<\/p>\n","protected":false},"excerpt":{"rendered":"<p>&nbsp; &nbsp;A continuaci\u00f3n se le presentan diez preguntas las cuales pretenden recoger informaci\u00f3n valiosa sobre c\u00f3mo deber\u00e1n ser orientados los recursos dentro del presupuesto a ejecutar para el ejercicio fiscal [&hellip;]<\/p>\n","protected":false},"author":1,"featured_media":0,"parent":0,"menu_order":0,"comment_status":"closed","ping_status":"closed","template":"","meta":{"_et_pb_use_builder":"on","_et_pb_old_content":"","_et_gb_content_width":"","footnotes":""},"class_list":["post-554","page","type-page","status-publish","hentry"],"yoast_head":"<!-- This site is optimized with the Yoast SEO plugin v19.13 - https:\/\/yoast.com\/wordpress\/plugins\/seo\/ -->\n<title>ENCUESTA DE DIAGN\u00d3STICO PARTICIPATIVO\ufffc - Alcaldia Alberto Adriani<\/title>\n<meta name=\"robots\" content=\"index, follow, max-snippet:-1, max-image-preview:large, max-video-preview:-1\" \/>\n<link rel=\"canonical\" href=\"https:\/\/alcaldiaalbertoadriani.com\/?page_id=554\" \/>\n<meta property=\"og:locale\" content=\"es_ES\" \/>\n<meta property=\"og:type\" content=\"article\" \/>\n<meta property=\"og:title\" content=\"ENCUESTA DE DIAGN\u00d3STICO PARTICIPATIVO\ufffc - Alcaldia Alberto Adriani\" \/>\n<meta property=\"og:description\" content=\"&nbsp; &nbsp;A continuaci\u00f3n se le presentan diez preguntas las cuales pretenden recoger informaci\u00f3n valiosa sobre c\u00f3mo deber\u00e1n ser orientados los recursos dentro del presupuesto a ejecutar para el ejercicio fiscal [&hellip;]\" \/>\n<meta property=\"og:url\" content=\"https:\/\/alcaldiaalbertoadriani.com\/?page_id=554\" \/>\n<meta property=\"og:site_name\" content=\"Alcaldia Alberto Adriani\" \/>\n<meta property=\"article:modified_time\" content=\"2022-08-18T18:32:17+00:00\" \/>\n<meta name=\"twitter:card\" content=\"summary_large_image\" \/>\n<meta name=\"twitter:label1\" content=\"Tiempo de lectura\" \/>\n\t<meta name=\"twitter:data1\" content=\"2 minutos\" \/>\n<script type=\"application\/ld+json\" class=\"yoast-schema-graph\">{\"@context\":\"https:\/\/schema.org\",\"@graph\":[{\"@type\":\"WebPage\",\"@id\":\"https:\/\/alcaldiaalbertoadriani.com\/?page_id=554\",\"url\":\"https:\/\/alcaldiaalbertoadriani.com\/?page_id=554\",\"name\":\"ENCUESTA DE DIAGN\u00d3STICO PARTICIPATIVO\ufffc - Alcaldia Alberto Adriani\",\"isPartOf\":{\"@id\":\"https:\/\/alcaldiaalbertoadriani.com\/#website\"},\"datePublished\":\"2022-08-18T18:15:34+00:00\",\"dateModified\":\"2022-08-18T18:32:17+00:00\",\"breadcrumb\":{\"@id\":\"https:\/\/alcaldiaalbertoadriani.com\/?page_id=554#breadcrumb\"},\"inLanguage\":\"es\",\"potentialAction\":[{\"@type\":\"ReadAction\",\"target\":[\"https:\/\/alcaldiaalbertoadriani.com\/?page_id=554\"]}]},{\"@type\":\"BreadcrumbList\",\"@id\":\"https:\/\/alcaldiaalbertoadriani.com\/?page_id=554#breadcrumb\",\"itemListElement\":[{\"@type\":\"ListItem\",\"position\":1,\"name\":\"Portada\",\"item\":\"https:\/\/alcaldiaalbertoadriani.com\/\"},{\"@type\":\"ListItem\",\"position\":2,\"name\":\"ENCUESTA DE DIAGN\u00d3STICO PARTICIPATIVO\ufffc\"}]},{\"@type\":\"WebSite\",\"@id\":\"https:\/\/alcaldiaalbertoadriani.com\/#website\",\"url\":\"https:\/\/alcaldiaalbertoadriani.com\/\",\"name\":\"Alcaldia Alberto Adriani\",\"description\":\"\",\"potentialAction\":[{\"@type\":\"SearchAction\",\"target\":{\"@type\":\"EntryPoint\",\"urlTemplate\":\"https:\/\/alcaldiaalbertoadriani.com\/?s={search_term_string}\"},\"query-input\":\"required name=search_term_string\"}],\"inLanguage\":\"es\"}]}<\/script>\n<!-- \/ Yoast SEO plugin. -->","yoast_head_json":{"title":"ENCUESTA DE DIAGN\u00d3STICO PARTICIPATIVO\ufffc - Alcaldia Alberto Adriani","robots":{"index":"index","follow":"follow","max-snippet":"max-snippet:-1","max-image-preview":"max-image-preview:large","max-video-preview":"max-video-preview:-1"},"canonical":"https:\/\/alcaldiaalbertoadriani.com\/?page_id=554","og_locale":"es_ES","og_type":"article","og_title":"ENCUESTA DE DIAGN\u00d3STICO PARTICIPATIVO\ufffc - Alcaldia Alberto Adriani","og_description":"&nbsp; &nbsp;A continuaci\u00f3n se le presentan diez preguntas las cuales pretenden recoger informaci\u00f3n valiosa sobre c\u00f3mo deber\u00e1n ser orientados los recursos dentro del presupuesto a ejecutar para el ejercicio fiscal [&hellip;]","og_url":"https:\/\/alcaldiaalbertoadriani.com\/?page_id=554","og_site_name":"Alcaldia Alberto Adriani","article_modified_time":"2022-08-18T18:32:17+00:00","twitter_card":"summary_large_image","twitter_misc":{"Tiempo de lectura":"2 minutos"},"schema":{"@context":"https:\/\/schema.org","@graph":[{"@type":"WebPage","@id":"https:\/\/alcaldiaalbertoadriani.com\/?page_id=554","url":"https:\/\/alcaldiaalbertoadriani.com\/?page_id=554","name":"ENCUESTA DE DIAGN\u00d3STICO PARTICIPATIVO\ufffc - Alcaldia Alberto Adriani","isPartOf":{"@id":"https:\/\/alcaldiaalbertoadriani.com\/#website"},"datePublished":"2022-08-18T18:15:34+00:00","dateModified":"2022-08-18T18:32:17+00:00","breadcrumb":{"@id":"https:\/\/alcaldiaalbertoadriani.com\/?page_id=554#breadcrumb"},"inLanguage":"es","potentialAction":[{"@type":"ReadAction","target":["https:\/\/alcaldiaalbertoadriani.com\/?page_id=554"]}]},{"@type":"BreadcrumbList","@id":"https:\/\/alcaldiaalbertoadriani.com\/?page_id=554#breadcrumb","itemListElement":[{"@type":"ListItem","position":1,"name":"Portada","item":"https:\/\/alcaldiaalbertoadriani.com\/"},{"@type":"ListItem","position":2,"name":"ENCUESTA DE DIAGN\u00d3STICO PARTICIPATIVO\ufffc"}]},{"@type":"WebSite","@id":"https:\/\/alcaldiaalbertoadriani.com\/#website","url":"https:\/\/alcaldiaalbertoadriani.com\/","name":"Alcaldia Alberto Adriani","description":"","potentialAction":[{"@type":"SearchAction","target":{"@type":"EntryPoint","urlTemplate":"https:\/\/alcaldiaalbertoadriani.com\/?s={search_term_string}"},"query-input":"required name=search_term_string"}],"inLanguage":"es"}]}},"_links":{"self":[{"href":"https:\/\/alcaldiaalbertoadriani.com\/index.php?rest_route=\/wp\/v2\/pages\/554","targetHints":{"allow":["GET"]}}],"collection":[{"href":"https:\/\/alcaldiaalbertoadriani.com\/index.php?rest_route=\/wp\/v2\/pages"}],"about":[{"href":"https:\/\/alcaldiaalbertoadriani.com\/index.php?rest_route=\/wp\/v2\/types\/page"}],"author":[{"embeddable":true,"href":"https:\/\/alcaldiaalbertoadriani.com\/index.php?rest_route=\/wp\/v2\/users\/1"}],"replies":[{"embeddable":true,"href":"https:\/\/alcaldiaalbertoadriani.com\/index.php?rest_route=%2Fwp%2Fv2%2Fcomments&post=554"}],"version-history":[{"count":3,"href":"https:\/\/alcaldiaalbertoadriani.com\/index.php?rest_route=\/wp\/v2\/pages\/554\/revisions"}],"predecessor-version":[{"id":558,"href":"https:\/\/alcaldiaalbertoadriani.com\/index.php?rest_route=\/wp\/v2\/pages\/554\/revisions\/558"}],"wp:attachment":[{"href":"https:\/\/alcaldiaalbertoadriani.com\/index.php?rest_route=%2Fwp%2Fv2%2Fmedia&parent=554"}],"curies":[{"name":"wp","href":"https:\/\/api.w.org\/{rel}","templated":true}]}}