{"id":43,"date":"2022-07-18T09:36:25","date_gmt":"2022-07-18T09:36:25","guid":{"rendered":"https:\/\/alcaldiaalbertoadriani.com\/?page_id=43"},"modified":"2024-06-11T12:12:47","modified_gmt":"2024-06-11T12:12:47","slug":"samat","status":"publish","type":"page","link":"https:\/\/alcaldiaalbertoadriani.com\/?page_id=43","title":{"rendered":"Samat"},"content":{"rendered":"<p>[et_pb_section fb_built=&#8221;1&#8243; make_equal=&#8221;on&#8221; use_custom_gutter=&#8221;on&#8221; gutter_width=&#8221;1&#8243; specialty=&#8221;on&#8221; next_background_color=&#8221;#ffffff&#8221; background_size_1=&#8221;cover&#8221; admin_label=&#8221;Hero&#8221; _builder_version=&#8221;4.17.6&#8243; background_image=&#8221;https:\/\/alcaldiaalbertoadriani.com\/wp-content\/uploads\/2022\/07\/flayer-2-alcaldia-aa-7-noti-.jpg&#8221; background_size=&#8221;stretch&#8221; inner_width=&#8221;100%&#8221; inner_max_width=&#8221;100%&#8221; custom_padding=&#8221;0px||0px||false&#8221; bottom_divider_style=&#8221;slant&#8221; bottom_divider_flip=&#8221;horizontal&#8221; bottom_divider_arrangement=&#8221;above_content&#8221; use_custom_width=&#8221;on&#8221; width_unit=&#8221;off&#8221; custom_width_percent=&#8221;100%&#8221; global_colors_info=&#8221;{}&#8221;][et_pb_column type=&#8221;1_2&#8243; _builder_version=&#8221;4.16&#8243; custom_padding=&#8221;|||&#8221; global_colors_info=&#8221;{}&#8221; custom_padding__hover=&#8221;|||&#8221;][et_pb_divider show_divider=&#8221;off&#8221; _builder_version=&#8221;4.16&#8243; height=&#8221;300px&#8221; custom_margin=&#8221;||54px|||&#8221; global_colors_info=&#8221;{}&#8221;][\/et_pb_divider][\/et_pb_column][et_pb_column type=&#8221;1_2&#8243; specialty_columns=&#8221;2&#8243; _builder_version=&#8221;4.16&#8243; custom_padding=&#8221;|||&#8221; global_colors_info=&#8221;{}&#8221; custom_padding__hover=&#8221;|||&#8221;][\/et_pb_column][\/et_pb_section][et_pb_section fb_built=&#8221;1&#8243; admin_label=&#8221;About&#8221; _builder_version=&#8221;4.17.6&#8243; background_image=&#8221;https:\/\/alcaldiaalbertoadriani.com\/wp-content\/uploads\/2022\/07\/flayer-2-alcaldia-aa-ini.jpg&#8221; custom_padding=&#8221;80px|0px|80px|0px|true|false&#8221; global_colors_info=&#8221;{}&#8221;][et_pb_row column_structure=&#8221;1_2,1_2&#8243; _builder_version=&#8221;4.16&#8243; use_custom_width=&#8221;on&#8221; locked=&#8221;off&#8221; global_colors_info=&#8221;{}&#8221;][et_pb_column type=&#8221;1_2&#8243; _builder_version=&#8221;4.16&#8243; custom_padding=&#8221;|||&#8221; global_colors_info=&#8221;{}&#8221; custom_padding__hover=&#8221;|||&#8221;][et_pb_text admin_label=&#8221;Text&#8221; _builder_version=&#8221;4.17.6&#8243; text_font=&#8221;Lato||||||||&#8221; text_font_size=&#8221;18px&#8221; text_line_height=&#8221;1.8em&#8221; link_font=&#8221;||||||||&#8221; ul_font=&#8221;||||||||&#8221; ol_font=&#8221;||||||||&#8221; quote_font=&#8221;||||||||&#8221; header_font=&#8221;||||||||&#8221; header_2_font=&#8221;Lato|700|||||||&#8221; header_2_font_size=&#8221;40px&#8221; header_2_letter_spacing=&#8221;1px&#8221; header_2_line_height=&#8221;1.5em&#8221; header_3_font=&#8221;||||||||&#8221; header_4_font=&#8221;||||||||&#8221; header_5_font=&#8221;||||||||&#8221; header_6_font=&#8221;Lato|700|||||||&#8221; header_6_font_size=&#8221;18px&#8221; header_6_letter_spacing=&#8221;1px&#8221; header_6_line_height=&#8221;1.8em&#8221; text_orientation=&#8221;right&#8221; header_2_font_size_tablet=&#8221;&#8221; header_2_font_size_phone=&#8221;22px&#8221; header_2_font_size_last_edited=&#8221;on|phone&#8221; global_colors_info=&#8221;{}&#8221;]<\/p>\n<h2>Que es el Samat?<\/h2>\n<p>&nbsp;<\/p>\n<p style=\"text-align: justify;\"><strong><span style=\"color: #000000;\">El Servicio Aut\u00f3nomo Municipal de Administraci\u00f3n Tributaria (SAMAT) del Municipio Alberto Adriani del Estado M\u00e9rida, es un \u00f3rgano sin personalidad jur\u00eddica, con autonom\u00eda funcional, t\u00e9cnica y financiera, adscrito a la Direcci\u00f3n de Hacienda de la Alcald\u00eda del Municipio Alberto Adriani, cuyo responsable es el Alcalde o Alcaldesa. Estamos comprometido con el Municipio Alberto Adriani y con la ciudadan\u00eda, en aras de ser un Municipio Modelo, hemos realizado labores de fiscalizaci\u00f3n, liquidaci\u00f3n, recaudaci\u00f3n de todos y cada uno de los tributos que por mandato constitucional y legal le corresponda al Municipio, de manera planificada y con arreglo a los principios de legalidad, eficiencia, celeridad, solvencia, transparencia, rendici\u00f3n de cuentas, responsabilidad, equilibrio fiscal.<\/span><\/strong><\/p>\n<p>[\/et_pb_text][\/et_pb_column][et_pb_column type=&#8221;1_2&#8243; _builder_version=&#8221;4.16&#8243; custom_padding=&#8221;|||&#8221; global_colors_info=&#8221;{}&#8221; custom_padding__hover=&#8221;|||&#8221;][et_pb_toggle title=&#8221;Misi\u00f3n&#8221; open_toggle_text_color=&#8221;#FFFFFF&#8221; open_toggle_background_color=&#8221;#002768&#8243; closed_toggle_background_color=&#8221;#002768&#8243; icon_color=&#8221;#345168&#8243; open_icon_color=&#8221;#345168&#8243; _builder_version=&#8221;4.17.6&#8243; title_text_color=&#8221;#FFFFFF&#8221; title_font=&#8221;Lato|700|||||||&#8221; title_line_height=&#8221;1.5em&#8221; body_font=&#8221;||||||||&#8221; body_font_size=&#8221;16px&#8221; body_line_height=&#8221;2em&#8221; background_color=&#8221;#002768&#8243; custom_margin=&#8221;||0px|&#8221; animation_style=&#8221;slide&#8221; animation_direction=&#8221;top&#8221; animation_intensity_slide=&#8221;10%&#8221; border_width_all=&#8221;0px&#8221; text_shadow_style=&#8221;preset1&#8243; global_colors_info=&#8221;{}&#8221;]<\/p>\n<p style=\"text-align: justify;\"><span style=\"color: #ffffff;\">Garantizar la captaci\u00f3n de recursos econ\u00f3micos propios para el Municipio Alberto Adriani del Estado M\u00e9rida, a partir del dise\u00f1o e implementaci\u00f3n de pol\u00edticas y procedimientos eficientes, mediantes el cumplimiento de las ordenanzas Municipales y leyes nacionales e inculcando y promoviendo valores de culturas tributarias en los habitantes del Municipio, para lograr nuestra finalidad institucional de manera eficiente y eficaz con miras a satisfacer necesidades colectivas en funci\u00f3n del desarrollo de nuestro municipio.<\/span><\/p>\n<p>[\/et_pb_toggle][et_pb_toggle title=&#8221;Visi\u00f3n&#8221; open_toggle_text_color=&#8221;#0A0100&#8243; open_toggle_background_color=&#8221;#bcbcbc&#8221; closed_toggle_background_color=&#8221;#c4c4c4&#8243; icon_color=&#8221;#345168&#8243; open_icon_color=&#8221;#345168&#8243; _builder_version=&#8221;4.17.6&#8243; title_text_color=&#8221;#0A0100&#8243; title_font=&#8221;Lato|700|||||||&#8221; title_line_height=&#8221;1.5em&#8221; body_font=&#8221;||||||||&#8221; body_font_size=&#8221;16px&#8221; body_line_height=&#8221;2em&#8221; custom_margin=&#8221;||0px|&#8221; animation_style=&#8221;slide&#8221; animation_direction=&#8221;top&#8221; animation_intensity_slide=&#8221;10%&#8221; border_width_all=&#8221;0px&#8221; global_colors_info=&#8221;{}&#8221;]<\/p>\n<p style=\"text-align: justify;\">Ser la referencia de la Administraci\u00f3n Tributaria locales, donde los ciudadanos del Municipio Alberto Adriani del Estado M\u00e9rida, perciban una gesti\u00f3n tributaria eficaz, que ejerce su potestad con respeto y \u00e9tica, que permita generar al contribuyente informaci\u00f3n de manera oportuna sobre sus deberes en la contribuci\u00f3n a la obtenci\u00f3n de recursos para ser retribuidos en servicios de calidad a la poblaci\u00f3n.<\/p>\n<p>[\/et_pb_toggle][et_pb_text _builder_version=&#8221;4.17.6&#8243; _module_preset=&#8221;default&#8221; global_colors_info=&#8221;{}&#8221;][\/et_pb_text][et_pb_text _builder_version=&#8221;4.17.6&#8243; _module_preset=&#8221;default&#8221; text_text_color=&#8221;#002768&#8243; text_font_size=&#8221;20px&#8221; global_colors_info=&#8221;{}&#8221;]<\/p>\n<p style=\"text-align: center;\"><strong>OBJETIVOS ORGANIZACIONALES<\/strong><\/p>\n<p>&nbsp;<\/p>\n<p>[\/et_pb_text][et_pb_toggle title=&#8221;Primero&#8221; open_toggle_text_color=&#8221;#FFFFFF&#8221; open_toggle_background_color=&#8221;#002768&#8243; closed_toggle_background_color=&#8221;#002768&#8243; icon_color=&#8221;#345168&#8243; open_icon_color=&#8221;#345168&#8243; _builder_version=&#8221;4.17.6&#8243; title_text_color=&#8221;#FFFFFF&#8221; title_font=&#8221;Lato|700|||||||&#8221; title_line_height=&#8221;1.5em&#8221; body_font=&#8221;||||||||&#8221; body_text_color=&#8221;#FFFFFF&#8221; body_font_size=&#8221;16px&#8221; body_line_height=&#8221;2em&#8221; background_color=&#8221;#002768&#8243; custom_margin=&#8221;||0px|&#8221; animation_style=&#8221;slide&#8221; animation_direction=&#8221;top&#8221; animation_intensity_slide=&#8221;10%&#8221; border_width_all=&#8221;0px&#8221; text_shadow_style=&#8221;preset1&#8243; global_colors_info=&#8221;{}&#8221;]<\/p>\n<p style=\"text-align: justify;\">Recaudar los tributos a su cargo,ofreciendo un servicio integral resolviendo oportunamente las gestiones y reclamos, y facilitando el pago de los impuestos municipales por parte del contribuyente.<\/p>\n<p>[\/et_pb_toggle][et_pb_toggle title=&#8221;Segundo&#8221; open_toggle_text_color=&#8221;#0A0100&#8243; open_toggle_background_color=&#8221;#bcbcbc&#8221; closed_toggle_background_color=&#8221;#c4c4c4&#8243; icon_color=&#8221;#345168&#8243; open_icon_color=&#8221;#345168&#8243; _builder_version=&#8221;4.17.6&#8243; title_text_color=&#8221;#0A0100&#8243; title_font=&#8221;Lato|700|||||||&#8221; title_line_height=&#8221;1.5em&#8221; body_font=&#8221;||||||||&#8221; body_font_size=&#8221;16px&#8221; body_line_height=&#8221;2em&#8221; custom_margin=&#8221;||0px|&#8221; animation_style=&#8221;slide&#8221; animation_direction=&#8221;top&#8221; animation_intensity_slide=&#8221;10%&#8221; border_width_all=&#8221;0px&#8221; global_colors_info=&#8221;{}&#8221;]<\/p>\n<p style=\"text-align: justify;\">Detectar,coaccionar y sancionar eficazmente el incumplimiento de las obligaciones tributarias, para as\u00ed reprimir la evasi\u00f3n y el fraude fiscal.<\/p>\n<p>[\/et_pb_toggle][et_pb_toggle title=&#8221;Tercero&#8221; open_toggle_text_color=&#8221;#FFFFFF&#8221; open_toggle_background_color=&#8221;#002768&#8243; closed_toggle_background_color=&#8221;#002768&#8243; icon_color=&#8221;#345168&#8243; open_icon_color=&#8221;#345168&#8243; _builder_version=&#8221;4.17.6&#8243; title_text_color=&#8221;#FFFFFF&#8221; title_font=&#8221;Lato|700|||||||&#8221; title_line_height=&#8221;1.5em&#8221; body_font=&#8221;||||||||&#8221; body_text_color=&#8221;#FFFFFF&#8221; body_font_size=&#8221;16px&#8221; body_line_height=&#8221;2em&#8221; background_color=&#8221;#002768&#8243; custom_margin=&#8221;||0px|&#8221; animation_style=&#8221;slide&#8221; animation_direction=&#8221;top&#8221; animation_intensity_slide=&#8221;10%&#8221; border_width_all=&#8221;0px&#8221; text_shadow_style=&#8221;preset1&#8243; global_colors_info=&#8221;{}&#8221;]<\/p>\n<p style=\"text-align: justify;\">Promover una gesti\u00f3n tributaria eficiente,racional,objetiva y participativa, atendiendo a las disposiciones legales por las que se rige el organismo.<\/p>\n<p>[\/et_pb_toggle][et_pb_toggle title=&#8221;Cuarto&#8221; open_toggle_text_color=&#8221;#0A0100&#8243; open_toggle_background_color=&#8221;#bcbcbc&#8221; closed_toggle_background_color=&#8221;#c4c4c4&#8243; icon_color=&#8221;#345168&#8243; open_icon_color=&#8221;#345168&#8243; _builder_version=&#8221;4.17.6&#8243; title_text_color=&#8221;#0A0100&#8243; title_font=&#8221;Lato|700|||||||&#8221; title_line_height=&#8221;1.5em&#8221; body_font=&#8221;||||||||&#8221; body_font_size=&#8221;16px&#8221; body_line_height=&#8221;2em&#8221; custom_margin=&#8221;||0px|&#8221; animation_style=&#8221;slide&#8221; animation_direction=&#8221;top&#8221; animation_intensity_slide=&#8221;10%&#8221; border_width_all=&#8221;0px&#8221; global_colors_info=&#8221;{}&#8221;]<\/p>\n<p style=\"text-align: justify;\">Generar una cultura tributaria,basada en la gesti\u00f3n efectiva del organismo en el cumplimiento de su misi\u00f3n con el Municipio Alberto Adriani y en la promoci\u00f3n y difusi\u00f3n de informaci\u00f3n referente a las obligaciones tributarias.<\/p>\n<p>[\/et_pb_toggle][\/et_pb_column][\/et_pb_row][\/et_pb_section]<\/p>\n","protected":false},"excerpt":{"rendered":"<p>Que es el Samat? &nbsp; El Servicio Aut\u00f3nomo Municipal de Administraci\u00f3n Tributaria (SAMAT) del Municipio Alberto Adriani del Estado M\u00e9rida, es un \u00f3rgano sin personalidad jur\u00eddica, con autonom\u00eda funcional, t\u00e9cnica [&hellip;]<\/p>\n","protected":false},"author":1,"featured_media":0,"parent":0,"menu_order":0,"comment_status":"closed","ping_status":"closed","template":"","meta":{"_et_pb_use_builder":"on","_et_pb_old_content":"<!-- wp:divi\/placeholder \/-->","_et_gb_content_width":"","footnotes":""},"class_list":["post-43","page","type-page","status-publish","hentry"],"yoast_head":"<!-- This site is optimized with the Yoast SEO plugin v19.13 - https:\/\/yoast.com\/wordpress\/plugins\/seo\/ -->\n<title>Samat - Alcaldia Alberto Adriani<\/title>\n<meta name=\"robots\" content=\"index, follow, max-snippet:-1, max-image-preview:large, max-video-preview:-1\" \/>\n<link rel=\"canonical\" href=\"https:\/\/alcaldiaalbertoadriani.com\/?page_id=43\" \/>\n<meta property=\"og:locale\" content=\"es_ES\" \/>\n<meta property=\"og:type\" content=\"article\" \/>\n<meta property=\"og:title\" content=\"Samat - Alcaldia Alberto Adriani\" \/>\n<meta property=\"og:description\" content=\"Que es el Samat? &nbsp; El Servicio Aut\u00f3nomo Municipal de Administraci\u00f3n Tributaria (SAMAT) del Municipio Alberto Adriani del Estado M\u00e9rida, es un \u00f3rgano sin personalidad jur\u00eddica, con autonom\u00eda funcional, t\u00e9cnica [&hellip;]\" \/>\n<meta property=\"og:url\" content=\"https:\/\/alcaldiaalbertoadriani.com\/?page_id=43\" \/>\n<meta property=\"og:site_name\" content=\"Alcaldia Alberto Adriani\" \/>\n<meta property=\"article:modified_time\" content=\"2024-06-11T12:12:47+00:00\" \/>\n<meta name=\"twitter:card\" content=\"summary_large_image\" \/>\n<meta name=\"twitter:label1\" content=\"Tiempo de lectura\" \/>\n\t<meta name=\"twitter:data1\" content=\"6 minutos\" \/>\n<script type=\"application\/ld+json\" class=\"yoast-schema-graph\">{\"@context\":\"https:\/\/schema.org\",\"@graph\":[{\"@type\":\"WebPage\",\"@id\":\"https:\/\/alcaldiaalbertoadriani.com\/?page_id=43\",\"url\":\"https:\/\/alcaldiaalbertoadriani.com\/?page_id=43\",\"name\":\"Samat - Alcaldia Alberto Adriani\",\"isPartOf\":{\"@id\":\"https:\/\/alcaldiaalbertoadriani.com\/#website\"},\"datePublished\":\"2022-07-18T09:36:25+00:00\",\"dateModified\":\"2024-06-11T12:12:47+00:00\",\"breadcrumb\":{\"@id\":\"https:\/\/alcaldiaalbertoadriani.com\/?page_id=43#breadcrumb\"},\"inLanguage\":\"es\",\"potentialAction\":[{\"@type\":\"ReadAction\",\"target\":[\"https:\/\/alcaldiaalbertoadriani.com\/?page_id=43\"]}]},{\"@type\":\"BreadcrumbList\",\"@id\":\"https:\/\/alcaldiaalbertoadriani.com\/?page_id=43#breadcrumb\",\"itemListElement\":[{\"@type\":\"ListItem\",\"position\":1,\"name\":\"Portada\",\"item\":\"https:\/\/alcaldiaalbertoadriani.com\/\"},{\"@type\":\"ListItem\",\"position\":2,\"name\":\"Samat\"}]},{\"@type\":\"WebSite\",\"@id\":\"https:\/\/alcaldiaalbertoadriani.com\/#website\",\"url\":\"https:\/\/alcaldiaalbertoadriani.com\/\",\"name\":\"Alcaldia Alberto Adriani\",\"description\":\"\",\"potentialAction\":[{\"@type\":\"SearchAction\",\"target\":{\"@type\":\"EntryPoint\",\"urlTemplate\":\"https:\/\/alcaldiaalbertoadriani.com\/?s={search_term_string}\"},\"query-input\":\"required name=search_term_string\"}],\"inLanguage\":\"es\"}]}<\/script>\n<!-- \/ Yoast SEO plugin. -->","yoast_head_json":{"title":"Samat - Alcaldia Alberto Adriani","robots":{"index":"index","follow":"follow","max-snippet":"max-snippet:-1","max-image-preview":"max-image-preview:large","max-video-preview":"max-video-preview:-1"},"canonical":"https:\/\/alcaldiaalbertoadriani.com\/?page_id=43","og_locale":"es_ES","og_type":"article","og_title":"Samat - Alcaldia Alberto Adriani","og_description":"Que es el Samat? &nbsp; El Servicio Aut\u00f3nomo Municipal de Administraci\u00f3n Tributaria (SAMAT) del Municipio Alberto Adriani del Estado M\u00e9rida, es un \u00f3rgano sin personalidad jur\u00eddica, con autonom\u00eda funcional, t\u00e9cnica [&hellip;]","og_url":"https:\/\/alcaldiaalbertoadriani.com\/?page_id=43","og_site_name":"Alcaldia Alberto Adriani","article_modified_time":"2024-06-11T12:12:47+00:00","twitter_card":"summary_large_image","twitter_misc":{"Tiempo de lectura":"6 minutos"},"schema":{"@context":"https:\/\/schema.org","@graph":[{"@type":"WebPage","@id":"https:\/\/alcaldiaalbertoadriani.com\/?page_id=43","url":"https:\/\/alcaldiaalbertoadriani.com\/?page_id=43","name":"Samat - Alcaldia Alberto Adriani","isPartOf":{"@id":"https:\/\/alcaldiaalbertoadriani.com\/#website"},"datePublished":"2022-07-18T09:36:25+00:00","dateModified":"2024-06-11T12:12:47+00:00","breadcrumb":{"@id":"https:\/\/alcaldiaalbertoadriani.com\/?page_id=43#breadcrumb"},"inLanguage":"es","potentialAction":[{"@type":"ReadAction","target":["https:\/\/alcaldiaalbertoadriani.com\/?page_id=43"]}]},{"@type":"BreadcrumbList","@id":"https:\/\/alcaldiaalbertoadriani.com\/?page_id=43#breadcrumb","itemListElement":[{"@type":"ListItem","position":1,"name":"Portada","item":"https:\/\/alcaldiaalbertoadriani.com\/"},{"@type":"ListItem","position":2,"name":"Samat"}]},{"@type":"WebSite","@id":"https:\/\/alcaldiaalbertoadriani.com\/#website","url":"https:\/\/alcaldiaalbertoadriani.com\/","name":"Alcaldia Alberto Adriani","description":"","potentialAction":[{"@type":"SearchAction","target":{"@type":"EntryPoint","urlTemplate":"https:\/\/alcaldiaalbertoadriani.com\/?s={search_term_string}"},"query-input":"required name=search_term_string"}],"inLanguage":"es"}]}},"_links":{"self":[{"href":"https:\/\/alcaldiaalbertoadriani.com\/index.php?rest_route=\/wp\/v2\/pages\/43","targetHints":{"allow":["GET"]}}],"collection":[{"href":"https:\/\/alcaldiaalbertoadriani.com\/index.php?rest_route=\/wp\/v2\/pages"}],"about":[{"href":"https:\/\/alcaldiaalbertoadriani.com\/index.php?rest_route=\/wp\/v2\/types\/page"}],"author":[{"embeddable":true,"href":"https:\/\/alcaldiaalbertoadriani.com\/index.php?rest_route=\/wp\/v2\/users\/1"}],"replies":[{"embeddable":true,"href":"https:\/\/alcaldiaalbertoadriani.com\/index.php?rest_route=%2Fwp%2Fv2%2Fcomments&post=43"}],"version-history":[{"count":8,"href":"https:\/\/alcaldiaalbertoadriani.com\/index.php?rest_route=\/wp\/v2\/pages\/43\/revisions"}],"predecessor-version":[{"id":6928,"href":"https:\/\/alcaldiaalbertoadriani.com\/index.php?rest_route=\/wp\/v2\/pages\/43\/revisions\/6928"}],"wp:attachment":[{"href":"https:\/\/alcaldiaalbertoadriani.com\/index.php?rest_route=%2Fwp%2Fv2%2Fmedia&parent=43"}],"curies":[{"name":"wp","href":"https:\/\/api.w.org\/{rel}","templated":true}]}}