{"id":353,"date":"2022-07-29T13:42:45","date_gmt":"2022-07-29T13:42:45","guid":{"rendered":"https:\/\/alcaldiaalbertoadriani.com\/?page_id=353"},"modified":"2022-07-29T13:59:17","modified_gmt":"2022-07-29T13:59:17","slug":"simbolos","status":"publish","type":"page","link":"https:\/\/alcaldiaalbertoadriani.com\/?page_id=353","title":{"rendered":"S\u00edmbolos"},"content":{"rendered":"<p>[et_pb_section fb_built=&#8221;1&#8243; make_equal=&#8221;on&#8221; use_custom_gutter=&#8221;on&#8221; gutter_width=&#8221;1&#8243; specialty=&#8221;on&#8221; next_background_color=&#8221;#002768&#8243; background_size_1=&#8221;cover&#8221; admin_label=&#8221;Hero&#8221; _builder_version=&#8221;4.17.6&#8243; background_color=&#8221;#002768&#8243; background_image=&#8221;https:\/\/alcaldiaalbertoadriani.com\/wp-content\/uploads\/2022\/07\/puente-chama-2.jpg&#8221; background_size=&#8221;stretch&#8221; inner_width=&#8221;100%&#8221; inner_max_width=&#8221;100%&#8221; custom_margin=&#8221;||17px|||&#8221; custom_padding=&#8221;0px||114px||false|&#8221; bottom_divider_style=&#8221;slant&#8221; bottom_divider_flip=&#8221;horizontal&#8221; bottom_divider_arrangement=&#8221;above_content&#8221; use_custom_width=&#8221;on&#8221; width_unit=&#8221;off&#8221; custom_width_percent=&#8221;100%&#8221; global_colors_info=&#8221;{}&#8221; theme_builder_area=&#8221;post_content&#8221;][et_pb_column type=&#8221;1_2&#8243; _builder_version=&#8221;4.16&#8243; custom_padding=&#8221;|||&#8221; global_colors_info=&#8221;{}&#8221; custom_padding__hover=&#8221;|||&#8221; theme_builder_area=&#8221;post_content&#8221;][et_pb_divider show_divider=&#8221;off&#8221; _builder_version=&#8221;4.17.6&#8243; background_color=&#8221;RGBA(255,255,255,0)&#8221; height=&#8221;300px&#8221; global_colors_info=&#8221;{}&#8221; theme_builder_area=&#8221;post_content&#8221;][\/et_pb_divider][\/et_pb_column][et_pb_column type=&#8221;1_2&#8243; specialty_columns=&#8221;2&#8243; _builder_version=&#8221;4.16&#8243; custom_padding=&#8221;|||&#8221; global_colors_info=&#8221;{}&#8221; custom_padding__hover=&#8221;|||&#8221; theme_builder_area=&#8221;post_content&#8221;][\/et_pb_column][\/et_pb_section][et_pb_section fb_built=&#8221;1&#8243; fullwidth=&#8221;on&#8221; _builder_version=&#8221;4.17.6&#8243; _module_preset=&#8221;default&#8221; background_color=&#8221;#002768&#8243; global_colors_info=&#8221;{}&#8221; theme_builder_area=&#8221;post_content&#8221;][et_pb_fullwidth_header title=&#8221;S\u00edmbolos&#8221; _builder_version=&#8221;4.17.6&#8243; _module_preset=&#8221;default&#8221; title_font=&#8221;||||||||&#8221; title_font_size=&#8221;38px&#8221; content_font_size=&#8221;20px&#8221; background_color=&#8221;#002768&#8243; custom_margin=&#8221;-20px|||||&#8221; hover_enabled=&#8221;0&#8243; title_text_shadow_style=&#8221;preset1&#8243; title_text_shadow_blur_strength=&#8221;0.19em&#8221; global_colors_info=&#8221;{}&#8221; theme_builder_area=&#8221;post_content&#8221; sticky_enabled=&#8221;0&#8243;]<\/p>\n<p>&nbsp;<\/p>\n<p>&nbsp;<\/p>\n<p>[\/et_pb_fullwidth_header][\/et_pb_section][et_pb_section fb_built=&#8221;1&#8243; _builder_version=&#8221;4.17.6&#8243; _module_preset=&#8221;default&#8221; background_image=&#8221;https:\/\/alcaldiaalbertoadriani.com\/wp-content\/uploads\/2022\/07\/flayer-2-alcaldia-aa-ini.jpg&#8221; hover_enabled=&#8221;0&#8243; global_colors_info=&#8221;{}&#8221; theme_builder_area=&#8221;post_content&#8221; sticky_enabled=&#8221;0&#8243;][et_pb_row _builder_version=&#8221;4.17.6&#8243; _module_preset=&#8221;default&#8221; global_colors_info=&#8221;{}&#8221; theme_builder_area=&#8221;post_content&#8221;][et_pb_column type=&#8221;4_4&#8243; _builder_version=&#8221;4.17.6&#8243; _module_preset=&#8221;default&#8221; global_colors_info=&#8221;{}&#8221; theme_builder_area=&#8221;post_content&#8221;][et_pb_text _builder_version=&#8221;4.17.6&#8243; _module_preset=&#8221;default&#8221; text_text_color=&#8221;#002768&#8243; text_font_size=&#8221;54px&#8221; hover_enabled=&#8221;0&#8243; text_text_shadow_style=&#8221;preset1&#8243; global_colors_info=&#8221;{}&#8221; theme_builder_area=&#8221;post_content&#8221; sticky_enabled=&#8221;0&#8243;]<\/p>\n<p style=\"text-align: center;\"><strong>Bandera<\/strong><\/p>\n<p>[\/et_pb_text][\/et_pb_column][\/et_pb_row][et_pb_row column_structure=&#8221;2_5,3_5&#8243; _builder_version=&#8221;4.17.6&#8243; _module_preset=&#8221;default&#8221; global_colors_info=&#8221;{}&#8221; theme_builder_area=&#8221;post_content&#8221;][et_pb_column type=&#8221;2_5&#8243; _builder_version=&#8221;4.17.6&#8243; _module_preset=&#8221;default&#8221; global_colors_info=&#8221;{}&#8221; theme_builder_area=&#8221;post_content&#8221;][et_pb_image src=&#8221;https:\/\/alcaldiaalbertoadriani.com\/wp-content\/uploads\/2022\/07\/bandera-albertoadriani.jpg&#8221; title_text=&#8221;bandera-albertoadriani&#8221; _builder_version=&#8221;4.17.6&#8243; _module_preset=&#8221;default&#8221; hover_enabled=&#8221;0&#8243; global_colors_info=&#8221;{}&#8221; theme_builder_area=&#8221;post_content&#8221; sticky_enabled=&#8221;0&#8243;][\/et_pb_image][\/et_pb_column][et_pb_column type=&#8221;3_5&#8243; _builder_version=&#8221;4.17.6&#8243; _module_preset=&#8221;default&#8221; global_colors_info=&#8221;{}&#8221; theme_builder_area=&#8221;post_content&#8221;][et_pb_text _builder_version=&#8221;4.17.6&#8243; _module_preset=&#8221;default&#8221; text_text_color=&#8221;#0A0100&#8243; background_color=&#8221;RGBA(255,255,255,0)&#8221; hover_enabled=&#8221;0&#8243; global_colors_info=&#8221;{}&#8221; theme_builder_area=&#8221;post_content&#8221; sticky_enabled=&#8221;0&#8243;]<\/p>\n<p style=\"text-align: justify;\">La Bandera que ondea en representaci\u00f3n del Municipio Alberto Adriani, es una creaci\u00f3n colectiva que fue aprobada un\u00e1nimemente por el Concejo Municipal de Alberto Adriani, el d\u00eda 22 de mayo de 1998, luego de una propuesta presentada por el licenciado Eudes J. Blanco P., comisionado para tal fin por el entonces Alcalde del Municipio ge\u00f3grafo Abelardo Pern\u00eda, el 13 de mayo de 1997. El origen de la Bandera del municipio Alberto Adriani, hay que ubicarlo en la elaboraci\u00f3n de un Estandarte elaborado y presentado el 28 de Julio de 1991, por una Comisi\u00f3n del Comit\u00e9 Centenario de El Vig\u00eda. Conformaban esa Comisi\u00f3n los ciudadanos: Omar Dalal Burgos, capit\u00e1n de la Guardia Nacional y para el momento Comandante de la Segunda Compa\u00f1\u00eda del Destacamento 16, con sede en El Vig\u00eda, el profesor Guillermo Brice\u00f1o y el presb\u00edtero Clemente La Cruz, sacerdote titular de la parroquia Nuestra Se\u00f1ora del Perpetuo Socorro. El referido estandarte estaba constituido por cinco franjas horizontales con los colores azul marino para la primera y \u00faltima franja, el rojo rub\u00ed para las dos intermedias y verde para la central y en el centro el Escudo de Armas del municipio. Los colores fueron sugeridos por el presb\u00edtero La Cruz, en base al ropaje que identifica a la Virgen de Nuestra Se\u00f1ora del Perpetuo Socorro, patrona espiritual de El Vig\u00eda: Azul (manto), verde (tocado) y rojo (t\u00fanica). Este Estandarte fue legitimado a trav\u00e9s del Decreto N\u00ba 24, del entonces Alcalde Sr. Orosman Rojas, promulgado en la misma fecha y publicado en la Gaceta Municipal N\u00ba 04 de Julio-Agosto del referido a\u00f1o, pero al analizarse la composici\u00f3n y la crom\u00e1tica establecida por el Decreto y el Estandarte se observaron inconsistencias, y es que si bien el art\u00edculo 5 del decreto expresa la composici\u00f3n de \u00e9ste en cinco franjas, al detallarse en el texto legal solo se describen tres, lo que indica que hay un error por omisi\u00f3n en el texto, a ello hay que sumar que los colores del Estandarte que permanec\u00eda en el Concejo Municipal, no coincid\u00edan crom\u00e1ticamente con los expresados por el decreto, es decir, que no eran el azul marino y el rojo rub\u00ed. Ante la situaci\u00f3n anterior, el proponente de la propuesta de la creaci\u00f3n de la bandera, Eudes Blanco, luego de realizar un estudio vexilol\u00f3gico, consider\u00f3 pertinente para el dise\u00f1o de la bandera deb\u00eda mantenerse los colores y la disposici\u00f3n de las franjas del Estandarte, en base a que \u201cEl Estandarte de la Ciudad de El Vig\u00eda, desde su creaci\u00f3n el 28 de julio de 1991, hasta la actualidad (1997), ha sido un exponente representativo de nuestra Identidad, como s\u00edmbolo, adquiriendo con el transcurrir del tiempo valor hist\u00f3rico, cultural e institucional\u201d y a partir de esta disposici\u00f3n el Escudo de Armas del municipio se traslad\u00f3 del centro al lateral derecho de la franja superior y se incorpor\u00f3, una estrella cl\u00e1sica de cinco puntas de color blanco, en la franja del centro cuyas puntas alcanzas los bordes de las franjas intermedias, sugerencia del concejal Lisandro Ram\u00edrez Segura, para el momento presidente de la Comisi\u00f3n de Cultura del referido cuerpo edilicio. En base a estos cambios la disposici\u00f3n de la Bandera del municipio es la siguiente: Los rect\u00e1ngulos superior e inferior de color azul marino, ocupan las dos 1\/3 de la proporci\u00f3n de la bandera, en la derecha de la franja superior, adherida al asta de la bandera se incorpora el Escudo de Armas del Municipio; los dos rect\u00e1ngulos intermedios, de rojo rub\u00ed, cubren cada una 1\/9 de la proporci\u00f3n de la bandera; el rect\u00e1ngulo central de color verde, cubre 1\/9 de la proporci\u00f3n de la bandera, lleva en su centro una estrella cl\u00e1sica de cinco puntas de color blanco, cuyas puntas alcanzan los bordes de las franjas intermedias. Semiol\u00f3gicamente los rect\u00e1ngulos superior e inferior de color azul marino simbolizan la libertad y representan el cielo soberano y la abundancia de agua a trav\u00e9s de los r\u00edos Chama, Onia y Mucujepe, as\u00ed como de sus innumerables ca\u00f1os, quebradas y dem\u00e1s fuentes de agua. Los rect\u00e1ngulos intermedios de color rub\u00ed, simbolizan la valent\u00eda el honor e intrepidez de los habitantes, expresada en el proceso colonizador de una tierra inh\u00f3spita e insalubre, pero trasformada por el empe\u00f1o creador, en fuente de compromiso y de riqueza; representan a su vez la grandeza y fortaleza del municipio. El rect\u00e1ngulo de color verde simboliza la justicia y la esperanza y representa la diversidad de la vegetaci\u00f3n del municipio, su riqueza agr\u00edcola y pecuaria. La estrella blanca, cl\u00e1sica de cinco puntas, simboliza la igualdad e hist\u00f3ricamente representa la sexta estrella blanca del pabell\u00f3n nacional con la incorporaci\u00f3n del territorio meride\u00f1o a la gesta emancipadora del 19 de abril de 1810, al haberse declarado la Provincia de M\u00e9rida independiente del Imperio espa\u00f1ol el 16 de Septiembre de 1810.<\/p>\n<p>[\/et_pb_text][\/et_pb_column][\/et_pb_row][et_pb_row _builder_version=&#8221;4.17.6&#8243; _module_preset=&#8221;default&#8221; global_colors_info=&#8221;{}&#8221; theme_builder_area=&#8221;post_content&#8221;][et_pb_column type=&#8221;4_4&#8243; _builder_version=&#8221;4.17.6&#8243; _module_preset=&#8221;default&#8221; global_colors_info=&#8221;{}&#8221; theme_builder_area=&#8221;post_content&#8221;][et_pb_text _builder_version=&#8221;4.17.6&#8243; _module_preset=&#8221;default&#8221; text_text_color=&#8221;#002768&#8243; text_font_size=&#8221;54px&#8221; hover_enabled=&#8221;0&#8243; text_text_shadow_style=&#8221;preset1&#8243; global_colors_info=&#8221;{}&#8221; theme_builder_area=&#8221;post_content&#8221; sticky_enabled=&#8221;0&#8243;]<\/p>\n<p style=\"text-align: center;\"><strong>Escudo<\/strong><\/p>\n<p>[\/et_pb_text][\/et_pb_column][\/et_pb_row][et_pb_row column_structure=&#8221;2_5,3_5&#8243; _builder_version=&#8221;4.17.6&#8243; _module_preset=&#8221;default&#8221; hover_enabled=&#8221;0&#8243; global_colors_info=&#8221;{}&#8221; theme_builder_area=&#8221;post_content&#8221; sticky_enabled=&#8221;0&#8243;][et_pb_column type=&#8221;2_5&#8243; _builder_version=&#8221;4.17.6&#8243; _module_preset=&#8221;default&#8221; global_colors_info=&#8221;{}&#8221; theme_builder_area=&#8221;post_content&#8221;][et_pb_image src=&#8221;https:\/\/alcaldiaalbertoadriani.com\/wp-content\/uploads\/2022\/07\/Escudo_Municipio_Alberto_Adriani.jpg&#8221; title_text=&#8221;Escudo_Municipio_Alberto_Adriani&#8221; _builder_version=&#8221;4.17.6&#8243; _module_preset=&#8221;default&#8221; hover_enabled=&#8221;0&#8243; global_colors_info=&#8221;{}&#8221; theme_builder_area=&#8221;post_content&#8221; sticky_enabled=&#8221;0&#8243;][\/et_pb_image][\/et_pb_column][et_pb_column type=&#8221;3_5&#8243; _builder_version=&#8221;4.17.6&#8243; _module_preset=&#8221;default&#8221; global_colors_info=&#8221;{}&#8221; theme_builder_area=&#8221;post_content&#8221;][et_pb_text _builder_version=&#8221;4.17.6&#8243; _module_preset=&#8221;default&#8221; text_text_color=&#8221;#0A0100&#8243; background_color=&#8221;RGBA(255,255,255,0)&#8221; hover_enabled=&#8221;0&#8243; global_colors_info=&#8221;{}&#8221; theme_builder_area=&#8221;post_content&#8221; sticky_enabled=&#8221;0&#8243;]<\/p>\n<p style=\"text-align: justify;\">El escudo est\u00e1 compuesto por dos zonas: la interna presenta un campo demarcado por esmalte dorado, en forma de escudo; el metal dorado simboliza la naturaleza, la vegetaci\u00f3n y el sol, de los elementos al fuego y de las virtudes teologales la caridad. Se observa, adem\u00e1s, una corriente de agua que simboliza la majestuosidad de los r\u00edos de la regi\u00f3n. Sobre \u00e9l, un puente de un solo arco con cuatro bases de color rojo que abarca todo el campo. Sobre el puente le acompa\u00f1a una torre o atalaya del mismo color, en la cual se encuentra un vig\u00eda, en color negro, que cubre la zona jefe del campo o parte superior. Ambos representan la fortaleza del municipio y emblema distintivo del nombre de la ciudad capital.Fuera del cuadro, en la parte superior, est\u00e1 un toro parado sobre un soporte de color dorado y rojo. El bovino simboliza de la riqueza ganadera de la regi\u00f3n. Rodeando este cuadro se apoyan dos figuras humanas: un hombre al lado izquierdo sosteniendo en su mano izquierda una soga, emblema de la faena pecuaria y agr\u00edcola de la zona; y al lado derecho una mujer sostiene en su mano derecha una cornucopia repleta de flores y frutas, s\u00edmbolo de la riqueza agr\u00edcola de la zona, de la fertilidad del suelo y sus mujeres. En la parte inferior del conjunto se ubica una cinta con una divisa latina que reza \u201cImplebentur Campi Tui Fertilitate\u201d se traduce como Tus nubes destilan grosura, sugerida al autor por Pedro Nicol\u00e1s Tablante Garrido, cuyo origen es del Salmo LXV, vers\u00edculo 11 de David, que se refiere a las copiosas y frecuentes lluvias que se presentan durante el a\u00f1o en estas tierras.<\/p>\n<p>[\/et_pb_text][et_pb_text _builder_version=&#8221;4.17.6&#8243; _module_preset=&#8221;default&#8221; text_text_color=&#8221;#002768&#8243; text_font_size=&#8221;54px&#8221; hover_enabled=&#8221;0&#8243; text_text_shadow_style=&#8221;preset1&#8243; global_colors_info=&#8221;{}&#8221; theme_builder_area=&#8221;post_content&#8221; sticky_enabled=&#8221;0&#8243;]<\/p>\n<p style=\"text-align: center;\"><strong>Himno<\/strong><\/p>\n<p>[\/et_pb_text][\/et_pb_column][\/et_pb_row][et_pb_row column_structure=&#8221;2_5,3_5&#8243; _builder_version=&#8221;4.17.6&#8243; _module_preset=&#8221;default&#8221; global_colors_info=&#8221;{}&#8221; theme_builder_area=&#8221;post_content&#8221;][et_pb_column type=&#8221;2_5&#8243; _builder_version=&#8221;4.17.6&#8243; _module_preset=&#8221;default&#8221; global_colors_info=&#8221;{}&#8221; theme_builder_area=&#8221;post_content&#8221;][et_pb_image src=&#8221;https:\/\/alcaldiaalbertoadriani.com\/wp-content\/uploads\/2022\/07\/himno-52.jpg&#8221; title_text=&#8221;Unrecognizable business women using laptop&#8221; _builder_version=&#8221;4.17.6&#8243; _module_preset=&#8221;default&#8221; hover_enabled=&#8221;0&#8243; global_colors_info=&#8221;{}&#8221; theme_builder_area=&#8221;post_content&#8221; sticky_enabled=&#8221;0&#8243;][\/et_pb_image][\/et_pb_column][et_pb_column type=&#8221;3_5&#8243; _builder_version=&#8221;4.17.6&#8243; _module_preset=&#8221;default&#8221; global_colors_info=&#8221;{}&#8221; theme_builder_area=&#8221;post_content&#8221;][et_pb_text _builder_version=&#8221;4.17.6&#8243; _module_preset=&#8221;default&#8221; text_text_color=&#8221;#0A0100&#8243; background_color=&#8221;RGBA(255,255,255,0)&#8221; hover_enabled=&#8221;0&#8243; global_colors_info=&#8221;{}&#8221; theme_builder_area=&#8221;post_content&#8221; sticky_enabled=&#8221;0&#8243;]<\/p>\n<p style=\"text-align: center;\"><strong>CORO<\/strong><br \/>POR LA TIERRA PEDAZO DE PATRIA LA QUE TANTO DEBEMOS AMAR ELEVEMOS UN CANTO GLORIOSO QUE SE SIENTA EN EL VIENTO VIBRAR POR LA TIERRA PEDAZO DE PATRIA QUE EN SU SENO REFUGIO NOS DA COMPARTAMOS UNIDOS SUS LUCHAS Y ORGULLOSOS SUS TRIUNFOS LOGRAR<\/p>\n<p style=\"text-align: center;\"><strong>I<\/strong><\/p>\n<p style=\"text-align: center;\">A LA SOMBRA DE UN FIEL TAMARINDO A LA ORILLA DEL CHAMA NACIO EL HERMOSO HISTORIAL DE MI PUEBLO. QUE ENTRE RIELES LA PATRIA SEMBRO EN LA TIERRA DE NOBLES VIGIAS DE UNA ESTRELLA DEL GRAN TRICOLOR (bis coro)<\/p>\n<p style=\"text-align: center;\"><strong>II<\/strong> <br \/>PARA HACERLA CADA OLA MAS GRANDE ASI GRANDE COMO ES LA BONDAD QUE EL SE\u00d1OR EN SUS MANTOS REGARA Y COLMARA DE FERTILIDAD CON LAS AGUAS DE FECUNDOS RIOS PARA DARLE RIQUEZA SIN PAR <strong>(bis coro)<\/strong><\/p>\n<p style=\"text-align: center;\"><strong>III<\/strong> <br \/>Y ENSE\u00d1AR QUE QUERER A LA TIERRA ES QUERERSE A SI MISMO Y HONRAR EL LEGADO DE SU GENTILICIO LOS VALORES DE SU IDENTIDAD Y DEJAR EN LAS HUELLAS DEL TIEMPO UN EJEMPLO A LA POSTERIDAD <strong>(bis coro)<\/strong><\/p>\n<p style=\"text-align: center;\"><strong><\/strong><\/p>\n<p>[\/et_pb_text][\/et_pb_column][\/et_pb_row][\/et_pb_section]<\/p>\n","protected":false},"excerpt":{"rendered":"<p>&nbsp; &nbsp;BanderaLa Bandera que ondea en representaci\u00f3n del Municipio Alberto Adriani, es una creaci\u00f3n colectiva que fue aprobada un\u00e1nimemente por el Concejo Municipal de Alberto Adriani, el d\u00eda 22 de [&hellip;]<\/p>\n","protected":false},"author":1,"featured_media":0,"parent":0,"menu_order":0,"comment_status":"closed","ping_status":"closed","template":"","meta":{"_et_pb_use_builder":"on","_et_pb_old_content":"","_et_gb_content_width":"","footnotes":""},"class_list":["post-353","page","type-page","status-publish","hentry"],"yoast_head":"<!-- This site is optimized with the Yoast SEO plugin v19.13 - https:\/\/yoast.com\/wordpress\/plugins\/seo\/ -->\n<title>S\u00edmbolos - Alcaldia Alberto Adriani<\/title>\n<meta name=\"robots\" content=\"index, follow, max-snippet:-1, max-image-preview:large, max-video-preview:-1\" \/>\n<link rel=\"canonical\" href=\"https:\/\/alcaldiaalbertoadriani.com\/?page_id=353\" \/>\n<meta property=\"og:locale\" content=\"es_ES\" \/>\n<meta property=\"og:type\" content=\"article\" \/>\n<meta property=\"og:title\" content=\"S\u00edmbolos - Alcaldia Alberto Adriani\" \/>\n<meta property=\"og:description\" content=\"&nbsp; &nbsp;BanderaLa Bandera que ondea en representaci\u00f3n del Municipio Alberto Adriani, es una creaci\u00f3n colectiva que fue aprobada un\u00e1nimemente por el Concejo Municipal de Alberto Adriani, el d\u00eda 22 de [&hellip;]\" \/>\n<meta property=\"og:url\" content=\"https:\/\/alcaldiaalbertoadriani.com\/?page_id=353\" \/>\n<meta property=\"og:site_name\" content=\"Alcaldia Alberto Adriani\" \/>\n<meta property=\"article:modified_time\" content=\"2022-07-29T13:59:17+00:00\" \/>\n<meta name=\"twitter:card\" content=\"summary_large_image\" \/>\n<meta name=\"twitter:label1\" content=\"Tiempo de lectura\" \/>\n\t<meta name=\"twitter:data1\" content=\"11 minutos\" \/>\n<script type=\"application\/ld+json\" class=\"yoast-schema-graph\">{\"@context\":\"https:\/\/schema.org\",\"@graph\":[{\"@type\":\"WebPage\",\"@id\":\"https:\/\/alcaldiaalbertoadriani.com\/?page_id=353\",\"url\":\"https:\/\/alcaldiaalbertoadriani.com\/?page_id=353\",\"name\":\"S\u00edmbolos - Alcaldia Alberto Adriani\",\"isPartOf\":{\"@id\":\"https:\/\/alcaldiaalbertoadriani.com\/#website\"},\"datePublished\":\"2022-07-29T13:42:45+00:00\",\"dateModified\":\"2022-07-29T13:59:17+00:00\",\"breadcrumb\":{\"@id\":\"https:\/\/alcaldiaalbertoadriani.com\/?page_id=353#breadcrumb\"},\"inLanguage\":\"es\",\"potentialAction\":[{\"@type\":\"ReadAction\",\"target\":[\"https:\/\/alcaldiaalbertoadriani.com\/?page_id=353\"]}]},{\"@type\":\"BreadcrumbList\",\"@id\":\"https:\/\/alcaldiaalbertoadriani.com\/?page_id=353#breadcrumb\",\"itemListElement\":[{\"@type\":\"ListItem\",\"position\":1,\"name\":\"Portada\",\"item\":\"https:\/\/alcaldiaalbertoadriani.com\/\"},{\"@type\":\"ListItem\",\"position\":2,\"name\":\"S\u00edmbolos\"}]},{\"@type\":\"WebSite\",\"@id\":\"https:\/\/alcaldiaalbertoadriani.com\/#website\",\"url\":\"https:\/\/alcaldiaalbertoadriani.com\/\",\"name\":\"Alcaldia Alberto Adriani\",\"description\":\"\",\"potentialAction\":[{\"@type\":\"SearchAction\",\"target\":{\"@type\":\"EntryPoint\",\"urlTemplate\":\"https:\/\/alcaldiaalbertoadriani.com\/?s={search_term_string}\"},\"query-input\":\"required name=search_term_string\"}],\"inLanguage\":\"es\"}]}<\/script>\n<!-- \/ Yoast SEO plugin. -->","yoast_head_json":{"title":"S\u00edmbolos - Alcaldia Alberto Adriani","robots":{"index":"index","follow":"follow","max-snippet":"max-snippet:-1","max-image-preview":"max-image-preview:large","max-video-preview":"max-video-preview:-1"},"canonical":"https:\/\/alcaldiaalbertoadriani.com\/?page_id=353","og_locale":"es_ES","og_type":"article","og_title":"S\u00edmbolos - Alcaldia Alberto Adriani","og_description":"&nbsp; &nbsp;BanderaLa Bandera que ondea en representaci\u00f3n del Municipio Alberto Adriani, es una creaci\u00f3n colectiva que fue aprobada un\u00e1nimemente por el Concejo Municipal de Alberto Adriani, el d\u00eda 22 de [&hellip;]","og_url":"https:\/\/alcaldiaalbertoadriani.com\/?page_id=353","og_site_name":"Alcaldia Alberto Adriani","article_modified_time":"2022-07-29T13:59:17+00:00","twitter_card":"summary_large_image","twitter_misc":{"Tiempo de lectura":"11 minutos"},"schema":{"@context":"https:\/\/schema.org","@graph":[{"@type":"WebPage","@id":"https:\/\/alcaldiaalbertoadriani.com\/?page_id=353","url":"https:\/\/alcaldiaalbertoadriani.com\/?page_id=353","name":"S\u00edmbolos - Alcaldia Alberto Adriani","isPartOf":{"@id":"https:\/\/alcaldiaalbertoadriani.com\/#website"},"datePublished":"2022-07-29T13:42:45+00:00","dateModified":"2022-07-29T13:59:17+00:00","breadcrumb":{"@id":"https:\/\/alcaldiaalbertoadriani.com\/?page_id=353#breadcrumb"},"inLanguage":"es","potentialAction":[{"@type":"ReadAction","target":["https:\/\/alcaldiaalbertoadriani.com\/?page_id=353"]}]},{"@type":"BreadcrumbList","@id":"https:\/\/alcaldiaalbertoadriani.com\/?page_id=353#breadcrumb","itemListElement":[{"@type":"ListItem","position":1,"name":"Portada","item":"https:\/\/alcaldiaalbertoadriani.com\/"},{"@type":"ListItem","position":2,"name":"S\u00edmbolos"}]},{"@type":"WebSite","@id":"https:\/\/alcaldiaalbertoadriani.com\/#website","url":"https:\/\/alcaldiaalbertoadriani.com\/","name":"Alcaldia Alberto Adriani","description":"","potentialAction":[{"@type":"SearchAction","target":{"@type":"EntryPoint","urlTemplate":"https:\/\/alcaldiaalbertoadriani.com\/?s={search_term_string}"},"query-input":"required name=search_term_string"}],"inLanguage":"es"}]}},"_links":{"self":[{"href":"https:\/\/alcaldiaalbertoadriani.com\/index.php?rest_route=\/wp\/v2\/pages\/353","targetHints":{"allow":["GET"]}}],"collection":[{"href":"https:\/\/alcaldiaalbertoadriani.com\/index.php?rest_route=\/wp\/v2\/pages"}],"about":[{"href":"https:\/\/alcaldiaalbertoadriani.com\/index.php?rest_route=\/wp\/v2\/types\/page"}],"author":[{"embeddable":true,"href":"https:\/\/alcaldiaalbertoadriani.com\/index.php?rest_route=\/wp\/v2\/users\/1"}],"replies":[{"embeddable":true,"href":"https:\/\/alcaldiaalbertoadriani.com\/index.php?rest_route=%2Fwp%2Fv2%2Fcomments&post=353"}],"version-history":[{"count":4,"href":"https:\/\/alcaldiaalbertoadriani.com\/index.php?rest_route=\/wp\/v2\/pages\/353\/revisions"}],"predecessor-version":[{"id":362,"href":"https:\/\/alcaldiaalbertoadriani.com\/index.php?rest_route=\/wp\/v2\/pages\/353\/revisions\/362"}],"wp:attachment":[{"href":"https:\/\/alcaldiaalbertoadriani.com\/index.php?rest_route=%2Fwp%2Fv2%2Fmedia&parent=353"}],"curies":[{"name":"wp","href":"https:\/\/api.w.org\/{rel}","templated":true}]}}