{"id":32,"date":"2022-07-18T09:34:11","date_gmt":"2022-07-18T09:34:11","guid":{"rendered":"https:\/\/alcaldiaalbertoadriani.com\/?page_id=32"},"modified":"2023-01-09T14:48:43","modified_gmt":"2023-01-09T14:48:43","slug":"lisandro-segura","status":"publish","type":"page","link":"https:\/\/alcaldiaalbertoadriani.com\/?page_id=32","title":{"rendered":"Lisandro Segura"},"content":{"rendered":"<p>[et_pb_section fb_built=&#8221;1&#8243; make_equal=&#8221;on&#8221; use_custom_gutter=&#8221;on&#8221; gutter_width=&#8221;1&#8243; specialty=&#8221;on&#8221; next_background_color=&#8221;#f5f5f5&#8243; background_size_1=&#8221;cover&#8221; disabled_on=&#8221;off|off|off&#8221; admin_label=&#8221;Hero&#8221; _builder_version=&#8221;4.17.6&#8243; background_image=&#8221;https:\/\/alcaldiaalbertoadriani.com\/wp-content\/uploads\/2022\/07\/alcalde-edi-7.jpg&#8221; background_size=&#8221;custom&#8221; inner_width=&#8221;100%&#8221; inner_max_width=&#8221;100%&#8221; custom_padding=&#8221;0px||200px||false|&#8221; bottom_divider_style=&#8221;slant&#8221; bottom_divider_height=&#8221;4px&#8221; bottom_divider_flip=&#8221;horizontal&#8221; bottom_divider_arrangement=&#8221;above_content&#8221; bottom_divider_style_tablet=&#8221;slant&#8221; bottom_divider_style_phone=&#8221;ramp&#8221; bottom_divider_style_last_edited=&#8221;on|phone&#8221; bottom_divider_color_tablet=&#8221;&#8221; bottom_divider_color_phone=&#8221;&#8221; bottom_divider_color_last_edited=&#8221;on|phone&#8221; use_custom_width=&#8221;on&#8221; width_unit=&#8221;off&#8221; custom_width_percent=&#8221;100%&#8221; global_colors_info=&#8221;{}&#8221;][et_pb_column type=&#8221;1_2&#8243; _builder_version=&#8221;4.16&#8243; custom_padding=&#8221;|||&#8221; global_colors_info=&#8221;{}&#8221; custom_padding__hover=&#8221;|||&#8221;][et_pb_divider show_divider=&#8221;off&#8221; _builder_version=&#8221;4.16&#8243; height=&#8221;300px&#8221; global_colors_info=&#8221;{}&#8221;][\/et_pb_divider][\/et_pb_column][et_pb_column type=&#8221;1_2&#8243; specialty_columns=&#8221;2&#8243; _builder_version=&#8221;4.16&#8243; custom_padding=&#8221;|||&#8221; global_colors_info=&#8221;{}&#8221; custom_padding__hover=&#8221;|||&#8221;][et_pb_row_inner admin_label=&#8221;Text&#8221; _builder_version=&#8221;4.17.6&#8243; background_color=&#8221;RGBA(255,255,255,0)&#8221; custom_padding=&#8221;|6%|14px|6%||true&#8221; global_colors_info=&#8221;{}&#8221;][et_pb_column_inner saved_specialty_column_type=&#8221;1_2&#8243; _builder_version=&#8221;4.16&#8243; custom_padding=&#8221;|||&#8221; global_colors_info=&#8221;{}&#8221; custom_padding__hover=&#8221;|||&#8221;][et_pb_text admin_label=&#8221;Title&#8221; _builder_version=&#8221;4.17.6&#8243; text_font=&#8221;|900|||||||&#8221; header_font=&#8221;||||||||&#8221; header_2_font=&#8221;Lato|900||on|||||&#8221; header_2_text_color=&#8221;#aeb8b8&#8243; header_2_letter_spacing=&#8221;4px&#8221; header_2_line_height=&#8221;1.2em&#8221; header_6_font=&#8221;Lato|700|||||||&#8221; header_6_text_color=&#8221;#737a7a&#8221; header_6_font_size=&#8221;18px&#8221; header_6_letter_spacing=&#8221;1px&#8221; header_6_line_height=&#8221;1.8em&#8221; max_width=&#8221;600px&#8221; module_alignment=&#8221;left&#8221; custom_margin=&#8221;25px||25px||true|false&#8221; custom_padding=&#8221;|||&#8221; custom_padding_tablet=&#8221;|0vw||0vw||true&#8221; custom_padding_phone=&#8221;|||||false&#8221; custom_padding_last_edited=&#8221;off|desktop&#8221; animation_style=&#8221;slide&#8221; animation_direction=&#8221;bottom&#8221; animation_intensity_slide=&#8221;5%&#8221; text_text_shadow_style=&#8221;preset1&#8243; locked=&#8221;off&#8221; global_colors_info=&#8221;{}&#8221;][\/et_pb_text][\/et_pb_column_inner][\/et_pb_row_inner][\/et_pb_column][\/et_pb_section][et_pb_section fb_built=&#8221;1&#8243; admin_label=&#8221;About&#8221; _builder_version=&#8221;4.17.6&#8243; background_color=&#8221;#f5f5f5&#8243; background_image=&#8221;https:\/\/alcaldiaalbertoadriani.com\/wp-content\/uploads\/2022\/07\/flayer-2-alcaldia-aa-ini.jpg&#8221; custom_margin=&#8221;|||&#8221; custom_padding=&#8221;0px||||false&#8221; global_colors_info=&#8221;{}&#8221;][et_pb_row column_structure=&#8221;1_2,1_2&#8243; use_custom_gutter=&#8221;on&#8221; gutter_width=&#8221;1&#8243; _builder_version=&#8221;4.17.6&#8243; custom_margin=&#8221;|||&#8221; custom_padding=&#8221;0px||0px||true&#8221; global_colors_info=&#8221;{}&#8221;][et_pb_column type=&#8221;1_2&#8243; _builder_version=&#8221;4.16&#8243; custom_padding=&#8221;|||&#8221; global_colors_info=&#8221;{}&#8221; custom_padding__hover=&#8221;|||&#8221;][et_pb_cta title=&#8221;Alcalde&#8221; button_url=&#8221;#&#8221; admin_label=&#8221;About Me&#8221; _builder_version=&#8221;4.17.6&#8243; header_font=&#8221;Lato|700|||||||&#8221; header_font_size=&#8221;30px&#8221; header_letter_spacing=&#8221;1px&#8221; header_line_height=&#8221;1.5em&#8221; body_font=&#8221;Lato||||||||&#8221; body_font_size=&#8221;18px&#8221; body_line_height=&#8221;1.8em&#8221; background_color=&#8221;#ffffff&#8221; custom_button=&#8221;on&#8221; button_text_size=&#8221;14px&#8221; button_text_color=&#8221;#FFFFFF&#8221; button_bg_color=&#8221;#002768&#8243; button_border_width=&#8221;12px&#8221; button_border_color=&#8221;#002768&#8243; button_border_radius=&#8221;50px&#8221; button_letter_spacing=&#8221;2px&#8221; button_font=&#8221;Lato|900||on|||||&#8221; button_icon=&#8221;&#x24;||divi||400&#8243; text_orientation=&#8221;left&#8221; background_layout=&#8221;light&#8221; custom_margin=&#8221;-30%|||&#8221; custom_padding=&#8221;60px|10%|60px|10%|true|true&#8221; animation_style=&#8221;slide&#8221; animation_direction=&#8221;bottom&#8221; animation_intensity_slide=&#8221;5%&#8221; global_colors_info=&#8221;{}&#8221; button_text_size__hover_enabled=&#8221;off&#8221; button_one_text_size__hover_enabled=&#8221;off&#8221; button_two_text_size__hover_enabled=&#8221;off&#8221; button_text_color__hover_enabled=&#8221;off&#8221; button_one_text_color__hover_enabled=&#8221;off&#8221; button_two_text_color__hover_enabled=&#8221;off&#8221; button_border_width__hover_enabled=&#8221;off&#8221; button_one_border_width__hover_enabled=&#8221;off&#8221; button_two_border_width__hover_enabled=&#8221;off&#8221; button_border_color__hover_enabled=&#8221;off&#8221; button_one_border_color__hover_enabled=&#8221;off&#8221; button_two_border_color__hover_enabled=&#8221;off&#8221; button_border_radius__hover_enabled=&#8221;off&#8221; button_one_border_radius__hover_enabled=&#8221;off&#8221; button_two_border_radius__hover_enabled=&#8221;off&#8221; button_letter_spacing__hover_enabled=&#8221;off&#8221; button_one_letter_spacing__hover_enabled=&#8221;off&#8221; button_two_letter_spacing__hover_enabled=&#8221;off&#8221; button_bg_color__hover_enabled=&#8221;off&#8221; button_one_bg_color__hover_enabled=&#8221;off&#8221; button_two_bg_color__hover_enabled=&#8221;off&#8221;]<\/p>\n<p style=\"background: #f9f9f9; vertical-align: baseline; margin: 0cm 0cm 6pt; text-align: justify;\"><span style=\"color: #000080;\"><strong><span style=\"font-family: Arial, sans-serif;\">Lisandro Segura<\/span><\/strong><\/span><\/p>\n<p style=\"text-align: justify;\">Nacido en la ciudad de El Vig\u00eda, Edo-M\u00e9rida, el 02 de noviembre de 1970, cuenta con 52 a\u00f1os de edad.<\/p>\n<p style=\"text-align: justify;\">\u00a0Curs\u00f3 estudios de primaria en la Escuela B\u00e1sica Sur Am\u00e9rica, secundaria en el Ciclo B\u00e1sico creaci\u00f3n El Vig\u00eda y el Liceo Dr. Alberto Adriani, en la Universidad Santa Mar\u00eda, de Gerencia Municipal y tiene el cuarto semestre de la carrera de Comunicaci\u00f3n Social, Menci\u00f3n Desarrollo Social, (periodismo), en la Universidad Cat\u00f3lica Cecilio Acosta (Unica) de la Arquidi\u00f3cesis de Maracaibo.<\/p>\n<p style=\"text-align: justify;\">Inici\u00f3 su transitar pol\u00edtico \u2013 social en la lucha estudiantil; fue presidente del Centro de Estudiantes durante cuatro a\u00f1os, siendo electo por primera vez a los 12 a\u00f1os de edad, en el Ciclo B\u00e1sico Creaci\u00f3n El Vig\u00eda, cuando estudiaba segundo a\u00f1o de bachillerato, de igual manera fue reelecto durante los tres a\u00f1os consecutivos siguientes en el liceo Dr. Alberto Adriani, hasta terminar su quinto a\u00f1o.<\/p>\n<p style=\"text-align: justify;\">A los 18 a\u00f1os trabaj\u00f3 en la Corporaci\u00f3n de Los Andes \u2013 (Corpoandes), como integrante de la Coordinaci\u00f3n de Desarrollo Social, en la ciudad de El Vig\u00eda, encargada de la organizaci\u00f3n vecinal (constituci\u00f3n de Asociaciones de Vecinos).<\/p>\n<p style=\"text-align: justify;\">Ha ocupado diversos cargos de direcci\u00f3n en el partido Acci\u00f3n Democr\u00e1tica, en el cual ha militado, llegando a ocuparse como responsable de Educaci\u00f3n Media Municipal, Secretario Juvenil Municipal, Secretario de Organizaci\u00f3n Municipal, y Secretario Pol\u00edtico.<\/p>\n<p style=\"text-align: justify;\">Se desempe\u00f1\u00f3 como Director del Ceremonial y Protocolo de la alcald\u00eda del municipio Alberto Adriani en el primer periodo de gobierno del ge\u00f3grafo Abelardo Pern\u00eda , lo que le permiti\u00f3 ser designado Secretario Ejecutivo del Comit\u00e9 Organizador de la instalaci\u00f3n can\u00f3nica de la Di\u00f3cesis El Vig\u00eda \u2013 San Carlos.<\/p>\n<p style=\"text-align: justify;\">A los 24 a\u00f1os de edad, fue electo Concejal del municipio Alberto Adriani por el partido Acci\u00f3n Democr\u00e1tica, representaci\u00f3n que ejerci\u00f3 durante 4 a\u00f1os, llegando a presidir las Comisiones Permanentes de Urbanismo y Obras P\u00fablicas, Cultura y Participaci\u00f3n Ciudadana, integr\u00f3 la de Bienes y Ejidos y la de Deporte.<\/p>\n<p style=\"text-align: justify;\">Destacada fue su actuaci\u00f3n como el m\u00e1s joven de los concejales de la \u00e9poca, registr\u00e1ndose en su labor la creaci\u00f3n del Himno del Municipio Alberto Adriani, la Bandera, el Archivo Hist\u00f3rico, y la organizaci\u00f3n de la Banda Municipal Inocente Carre\u00f1o. Mediante la presentaci\u00f3n y aprobaci\u00f3n de ordenanzas fue promotor de la descentralizaci\u00f3n para el sector cultural y deportivo. Adem\u00e1s, m\u00faltiples obras se construyeron en las comunidades de su circuito electoral, en b\u00fasqueda de mejor calidad de vida para sus electores. Su gesti\u00f3n siempre estuvo acompa\u00f1ada de una amplia consulta y apoyo popular.<\/p>\n<p>[\/et_pb_cta][\/et_pb_column][et_pb_column type=&#8221;1_2&#8243; _builder_version=&#8221;4.16&#8243; custom_padding=&#8221;|||&#8221; global_colors_info=&#8221;{}&#8221; custom_padding__hover=&#8221;|||&#8221;][et_pb_text _builder_version=&#8221;4.17.6&#8243; _module_preset=&#8221;default&#8221; background_color=&#8221;#002768&#8243; custom_margin=&#8221;10px||10px||true|false&#8221; custom_padding=&#8221;||3px|||&#8221; global_colors_info=&#8221;{}&#8221;]<\/p>\n<h2 class=\"et_pb_module_header et-fb-editable-element et-fb-editable-element__editing\" data-shortcode-id=\"7.0.1.0-1658249686416\" data-quickaccess-id=\"header\" contenteditable=\"true\" style=\"text-align: center;\"><span style=\"color: #ffffff;\"><strong>S\u00edguelo en sus Redes<\/strong>!<\/span><\/h2>\n<p>[\/et_pb_text][et_pb_social_media_follow use_icon_font_size=&#8221;on&#8221; icon_font_size=&#8221;28px&#8221; _builder_version=&#8221;4.17.6&#8243; background_color=&#8221;#002768&#8243; text_orientation=&#8221;center&#8221; min_height=&#8221;219px&#8221; custom_padding=&#8221;114px||158px|||&#8221; animation_style=&#8221;slide&#8221; animation_direction=&#8221;top&#8221; animation_intensity_slide=&#8221;10%&#8221; border_radii=&#8221;on|100px|100px|100px|100px&#8221; locked=&#8221;off&#8221; global_colors_info=&#8221;{}&#8221;][et_pb_social_media_follow_network social_network=&#8221;facebook&#8221; url=&#8221;https:\/\/www.facebook.com\/lisandro.segura.33&#8243; icon_color=&#8221;#002768&#8243; _builder_version=&#8221;4.17.6&#8243; background_color=&#8221;#FFFFFF&#8221; background_enable_color=&#8221;on&#8221; custom_margin=&#8221;|5px||5px||true&#8221; custom_padding=&#8221;15px|15px|15px|15px|true|true&#8221; border_radii=&#8221;on|100px|100px|100px|100px&#8221; global_colors_info=&#8221;{}&#8221; follow_button=&#8221;off&#8221; url_new_window=&#8221;on&#8221;]facebook[\/et_pb_social_media_follow_network][et_pb_social_media_follow_network social_network=&#8221;instagram&#8221; url=&#8221;https:\/\/www.instagram.com\/lisandrosegura02\/?hl=es&#8221; icon_color=&#8221;#002768&#8243; _builder_version=&#8221;4.17.6&#8243; background_color=&#8221;#FFFFFF&#8221; background_enable_color=&#8221;on&#8221; custom_margin=&#8221;|5px||5px||true&#8221; custom_padding=&#8221;15px|15px|15px|15px|true|true&#8221; border_radii=&#8221;on|100px|100px|100px|100px&#8221; global_colors_info=&#8221;{}&#8221; follow_button=&#8221;off&#8221; url_new_window=&#8221;on&#8221;]instagram[\/et_pb_social_media_follow_network][et_pb_social_media_follow_network social_network=&#8221;twitter&#8221; url=&#8221;https:\/\/twitter.com\/lisandrosegura?ref_src=twsrc%5Egoogle%7Ctwcamp%5Eserp%7Ctwgr%5Eauthor&#8221; icon_color=&#8221;#002768&#8243; _builder_version=&#8221;4.17.6&#8243; background_color=&#8221;#FFFFFF&#8221; background_enable_color=&#8221;on&#8221; custom_margin=&#8221;|5px||5px||true&#8221; custom_padding=&#8221;15px|15px|15px|15px|true|true&#8221; border_radii=&#8221;on|100px|100px|100px|100px&#8221; global_colors_info=&#8221;{}&#8221; follow_button=&#8221;off&#8221; url_new_window=&#8221;on&#8221;]twitter[\/et_pb_social_media_follow_network][\/et_pb_social_media_follow][et_pb_gallery gallery_ids=&#8221;169,166,159,307&#8243; show_title_and_caption=&#8221;off&#8221; show_pagination=&#8221;off&#8221; _builder_version=&#8221;4.17.6&#8243; _module_preset=&#8221;default&#8221; background_color=&#8221;#002768&#8243; min_height=&#8221;1000px&#8221; height=&#8221;1000px&#8221; max_height=&#8221;1000px&#8221; custom_padding=&#8221;||0px|||&#8221; global_colors_info=&#8221;{}&#8221;][\/et_pb_gallery][\/et_pb_column][\/et_pb_row][et_pb_row admin_label=&#8221;Testimonials Area&#8221; _builder_version=&#8221;4.16&#8243; global_colors_info=&#8221;{}&#8221;][et_pb_column type=&#8221;4_4&#8243; _builder_version=&#8221;4.16&#8243; custom_padding=&#8221;|||&#8221; global_colors_info=&#8221;{}&#8221; custom_padding__hover=&#8221;|||&#8221;][\/et_pb_column][\/et_pb_row][\/et_pb_section]<\/p>\n","protected":false},"excerpt":{"rendered":"<p>Lisandro Segura Nacido en la ciudad de El Vig\u00eda, Edo-M\u00e9rida, el 02 de noviembre de 1970, cuenta con 52 a\u00f1os de edad. \u00a0Curs\u00f3 estudios de primaria en la Escuela B\u00e1sica [&hellip;]<\/p>\n","protected":false},"author":1,"featured_media":0,"parent":0,"menu_order":0,"comment_status":"closed","ping_status":"closed","template":"","meta":{"_et_pb_use_builder":"on","_et_pb_old_content":"<!-- wp:divi\/placeholder \/-->","_et_gb_content_width":"","footnotes":""},"class_list":["post-32","page","type-page","status-publish","hentry"],"yoast_head":"<!-- This site is optimized with the Yoast SEO plugin v19.13 - https:\/\/yoast.com\/wordpress\/plugins\/seo\/ -->\n<title>Lisandro Segura - Alcaldia Alberto Adriani<\/title>\n<meta name=\"robots\" content=\"index, follow, max-snippet:-1, max-image-preview:large, max-video-preview:-1\" \/>\n<link rel=\"canonical\" href=\"https:\/\/alcaldiaalbertoadriani.com\/?page_id=32\" \/>\n<meta property=\"og:locale\" content=\"es_ES\" \/>\n<meta property=\"og:type\" content=\"article\" \/>\n<meta property=\"og:title\" content=\"Lisandro Segura - Alcaldia Alberto Adriani\" \/>\n<meta property=\"og:description\" content=\"Lisandro Segura Nacido en la ciudad de El Vig\u00eda, Edo-M\u00e9rida, el 02 de noviembre de 1970, cuenta con 52 a\u00f1os de edad. \u00a0Curs\u00f3 estudios de primaria en la Escuela B\u00e1sica [&hellip;]\" \/>\n<meta property=\"og:url\" content=\"https:\/\/alcaldiaalbertoadriani.com\/?page_id=32\" \/>\n<meta property=\"og:site_name\" content=\"Alcaldia Alberto Adriani\" \/>\n<meta property=\"article:modified_time\" content=\"2023-01-09T14:48:43+00:00\" \/>\n<meta name=\"twitter:card\" content=\"summary_large_image\" \/>\n<meta name=\"twitter:label1\" content=\"Tiempo de lectura\" \/>\n\t<meta name=\"twitter:data1\" content=\"7 minutos\" \/>\n<script type=\"application\/ld+json\" class=\"yoast-schema-graph\">{\"@context\":\"https:\/\/schema.org\",\"@graph\":[{\"@type\":\"WebPage\",\"@id\":\"https:\/\/alcaldiaalbertoadriani.com\/?page_id=32\",\"url\":\"https:\/\/alcaldiaalbertoadriani.com\/?page_id=32\",\"name\":\"Lisandro Segura - Alcaldia Alberto Adriani\",\"isPartOf\":{\"@id\":\"https:\/\/alcaldiaalbertoadriani.com\/#website\"},\"datePublished\":\"2022-07-18T09:34:11+00:00\",\"dateModified\":\"2023-01-09T14:48:43+00:00\",\"breadcrumb\":{\"@id\":\"https:\/\/alcaldiaalbertoadriani.com\/?page_id=32#breadcrumb\"},\"inLanguage\":\"es\",\"potentialAction\":[{\"@type\":\"ReadAction\",\"target\":[\"https:\/\/alcaldiaalbertoadriani.com\/?page_id=32\"]}]},{\"@type\":\"BreadcrumbList\",\"@id\":\"https:\/\/alcaldiaalbertoadriani.com\/?page_id=32#breadcrumb\",\"itemListElement\":[{\"@type\":\"ListItem\",\"position\":1,\"name\":\"Portada\",\"item\":\"https:\/\/alcaldiaalbertoadriani.com\/\"},{\"@type\":\"ListItem\",\"position\":2,\"name\":\"Lisandro Segura\"}]},{\"@type\":\"WebSite\",\"@id\":\"https:\/\/alcaldiaalbertoadriani.com\/#website\",\"url\":\"https:\/\/alcaldiaalbertoadriani.com\/\",\"name\":\"Alcaldia Alberto Adriani\",\"description\":\"\",\"potentialAction\":[{\"@type\":\"SearchAction\",\"target\":{\"@type\":\"EntryPoint\",\"urlTemplate\":\"https:\/\/alcaldiaalbertoadriani.com\/?s={search_term_string}\"},\"query-input\":\"required name=search_term_string\"}],\"inLanguage\":\"es\"}]}<\/script>\n<!-- \/ Yoast SEO plugin. -->","yoast_head_json":{"title":"Lisandro Segura - Alcaldia Alberto Adriani","robots":{"index":"index","follow":"follow","max-snippet":"max-snippet:-1","max-image-preview":"max-image-preview:large","max-video-preview":"max-video-preview:-1"},"canonical":"https:\/\/alcaldiaalbertoadriani.com\/?page_id=32","og_locale":"es_ES","og_type":"article","og_title":"Lisandro Segura - Alcaldia Alberto Adriani","og_description":"Lisandro Segura Nacido en la ciudad de El Vig\u00eda, Edo-M\u00e9rida, el 02 de noviembre de 1970, cuenta con 52 a\u00f1os de edad. \u00a0Curs\u00f3 estudios de primaria en la Escuela B\u00e1sica [&hellip;]","og_url":"https:\/\/alcaldiaalbertoadriani.com\/?page_id=32","og_site_name":"Alcaldia Alberto Adriani","article_modified_time":"2023-01-09T14:48:43+00:00","twitter_card":"summary_large_image","twitter_misc":{"Tiempo de lectura":"7 minutos"},"schema":{"@context":"https:\/\/schema.org","@graph":[{"@type":"WebPage","@id":"https:\/\/alcaldiaalbertoadriani.com\/?page_id=32","url":"https:\/\/alcaldiaalbertoadriani.com\/?page_id=32","name":"Lisandro Segura - Alcaldia Alberto Adriani","isPartOf":{"@id":"https:\/\/alcaldiaalbertoadriani.com\/#website"},"datePublished":"2022-07-18T09:34:11+00:00","dateModified":"2023-01-09T14:48:43+00:00","breadcrumb":{"@id":"https:\/\/alcaldiaalbertoadriani.com\/?page_id=32#breadcrumb"},"inLanguage":"es","potentialAction":[{"@type":"ReadAction","target":["https:\/\/alcaldiaalbertoadriani.com\/?page_id=32"]}]},{"@type":"BreadcrumbList","@id":"https:\/\/alcaldiaalbertoadriani.com\/?page_id=32#breadcrumb","itemListElement":[{"@type":"ListItem","position":1,"name":"Portada","item":"https:\/\/alcaldiaalbertoadriani.com\/"},{"@type":"ListItem","position":2,"name":"Lisandro Segura"}]},{"@type":"WebSite","@id":"https:\/\/alcaldiaalbertoadriani.com\/#website","url":"https:\/\/alcaldiaalbertoadriani.com\/","name":"Alcaldia Alberto Adriani","description":"","potentialAction":[{"@type":"SearchAction","target":{"@type":"EntryPoint","urlTemplate":"https:\/\/alcaldiaalbertoadriani.com\/?s={search_term_string}"},"query-input":"required name=search_term_string"}],"inLanguage":"es"}]}},"_links":{"self":[{"href":"https:\/\/alcaldiaalbertoadriani.com\/index.php?rest_route=\/wp\/v2\/pages\/32","targetHints":{"allow":["GET"]}}],"collection":[{"href":"https:\/\/alcaldiaalbertoadriani.com\/index.php?rest_route=\/wp\/v2\/pages"}],"about":[{"href":"https:\/\/alcaldiaalbertoadriani.com\/index.php?rest_route=\/wp\/v2\/types\/page"}],"author":[{"embeddable":true,"href":"https:\/\/alcaldiaalbertoadriani.com\/index.php?rest_route=\/wp\/v2\/users\/1"}],"replies":[{"embeddable":true,"href":"https:\/\/alcaldiaalbertoadriani.com\/index.php?rest_route=%2Fwp%2Fv2%2Fcomments&post=32"}],"version-history":[{"count":15,"href":"https:\/\/alcaldiaalbertoadriani.com\/index.php?rest_route=\/wp\/v2\/pages\/32\/revisions"}],"predecessor-version":[{"id":1673,"href":"https:\/\/alcaldiaalbertoadriani.com\/index.php?rest_route=\/wp\/v2\/pages\/32\/revisions\/1673"}],"wp:attachment":[{"href":"https:\/\/alcaldiaalbertoadriani.com\/index.php?rest_route=%2Fwp%2Fv2%2Fmedia&parent=32"}],"curies":[{"name":"wp","href":"https:\/\/api.w.org\/{rel}","templated":true}]}}